{"id":457,"date":"2026-04-24T19:05:36","date_gmt":"2026-04-24T19:05:36","guid":{"rendered":"https:\/\/ironstage.org\/?page_id=457"},"modified":"2026-04-28T01:25:11","modified_gmt":"2026-04-28T01:25:11","slug":"entrenos-personalizados","status":"publish","type":"page","link":"https:\/\/ironstage.org\/ca\/entrenos-personalizados\/","title":{"rendered":"Entrenaments personals"},"content":{"rendered":"<div class=\"wp-block-group alignwide is-style-ext-preset--group--natural-1--section ext-animate--on has-background-background-color has-background has-global-padding is-layout-constrained wp-container-core-group-is-layout-e955bbaf wp-block-group-is-layout-constrained is-style-ext-preset--group--natural-1--section--1\" style=\"margin-top:0;margin-bottom:0;padding-top:var(--wp--preset--spacing--70);padding-bottom:var(--wp--preset--spacing--70)\">\n<div class=\"wp-block-group alignwide ext-is-logical-start ext-animate--on has-global-padding is-content-justification-left is-layout-constrained wp-container-core-group-is-layout-6729bdbe wp-block-group-is-layout-constrained\">\n<figure class=\"wp-block-image aligncenter size-large is-resized is-style-ext-preset--image--natural-1--image-1--content-right ext-animate--on is-style-ext-preset--image--natural-1--image-1--content-right--2\"><img loading=\"lazy\" decoding=\"async\" width=\"1024\" height=\"683\" src=\"https:\/\/ironstage.org\/wp-content\/uploads\/2026\/04\/ChatGPT-Image-26-dabr.-del-2026-19_40_50-4-1024x683.png\" alt=\"\" class=\"wp-image-1378\" style=\"aspect-ratio:1.4993354009747453;width:341px;height:auto\" srcset=\"https:\/\/ironstage.org\/wp-content\/uploads\/2026\/04\/ChatGPT-Image-26-dabr.-del-2026-19_40_50-4-1024x683.png 1024w, https:\/\/ironstage.org\/wp-content\/uploads\/2026\/04\/ChatGPT-Image-26-dabr.-del-2026-19_40_50-4-300x200.png 300w, https:\/\/ironstage.org\/wp-content\/uploads\/2026\/04\/ChatGPT-Image-26-dabr.-del-2026-19_40_50-4-768x512.png 768w, https:\/\/ironstage.org\/wp-content\/uploads\/2026\/04\/ChatGPT-Image-26-dabr.-del-2026-19_40_50-4-18x12.png 18w, https:\/\/ironstage.org\/wp-content\/uploads\/2026\/04\/ChatGPT-Image-26-dabr.-del-2026-19_40_50-4-600x400.png 600w, https:\/\/ironstage.org\/wp-content\/uploads\/2026\/04\/ChatGPT-Image-26-dabr.-del-2026-19_40_50-4.png 1536w\" sizes=\"auto, (max-width: 1024px) 100vw, 1024px\" \/><\/figure>\n\n\n\n<h2 class=\"wp-block-heading alignwide has-text-align-center ext-animate--on\">Planifica el teu Objectiu amb Resultats Garantits<\/h2>\n<\/div>\n\n\n\n<div class=\"wp-block-columns ext-animate--on is-layout-flex wp-container-core-columns-is-layout-28f84493 wp-block-columns-is-layout-flex\">\n<div class=\"wp-block-column is-layout-flow wp-block-column-is-layout-flow\">\n<div class=\"wp-block-columns ext-animate--on is-layout-flex wp-container-core-columns-is-layout-28f84493 wp-block-columns-is-layout-flex\">\n<div class=\"wp-block-column is-layout-flow wp-block-column-is-layout-flow\">\n<figure class=\"wp-block-image size-full ext-animate--on\"><a href=\"https:\/\/ironstage.org\/ca\/reserva\/\"><img loading=\"lazy\" decoding=\"async\" width=\"1536\" height=\"1024\" src=\"https:\/\/ironstage.org\/wp-content\/uploads\/2026\/05\/WhatsApp-Image-2026-05-01-at-19.42.28.jpeg\" alt=\"\" class=\"wp-image-1362\" srcset=\"https:\/\/ironstage.org\/wp-content\/uploads\/2026\/05\/WhatsApp-Image-2026-05-01-at-19.42.28.jpeg 1536w, https:\/\/ironstage.org\/wp-content\/uploads\/2026\/05\/WhatsApp-Image-2026-05-01-at-19.42.28-300x200.jpeg 300w, https:\/\/ironstage.org\/wp-content\/uploads\/2026\/05\/WhatsApp-Image-2026-05-01-at-19.42.28-1024x683.jpeg 1024w, https:\/\/ironstage.org\/wp-content\/uploads\/2026\/05\/WhatsApp-Image-2026-05-01-at-19.42.28-768x512.jpeg 768w, https:\/\/ironstage.org\/wp-content\/uploads\/2026\/05\/WhatsApp-Image-2026-05-01-at-19.42.28-18x12.jpeg 18w, https:\/\/ironstage.org\/wp-content\/uploads\/2026\/05\/WhatsApp-Image-2026-05-01-at-19.42.28-600x400.jpeg 600w\" sizes=\"auto, (max-width: 1536px) 100vw, 1536px\" \/><\/a><\/figure>\n<\/div>\n<\/div>\n<\/div>\n<\/div>\n\n\n\n<div class=\"wp-block-group alignfull ext-animate--on has-global-padding is-layout-constrained wp-block-group-is-layout-constrained\">\n<div class=\"wp-block-columns ext-animate--on is-layout-flex wp-container-core-columns-is-layout-174606dc wp-block-columns-is-layout-flex\">\n<div class=\"wp-block-column is-vertically-aligned-center ext-animate--on is-layout-flow wp-block-column-is-layout-flow\">\n<div class=\"wp-block-group is-style-ext-preset--group--natural-1--item-card-1--align-start ext-animate--on has-global-padding is-layout-constrained wp-block-group-is-layout-constrained is-style-ext-preset--group--natural-1--item-card-1--align-start--3\">\n<div class=\"wp-block-group alignfull is-style-default ext-animate--on has-global-padding is-content-justification-right is-layout-constrained wp-container-core-group-is-layout-f1f2ed93 wp-block-group-is-layout-constrained\">\n<div class=\"wp-block-group ext-animate--on is-nowrap is-layout-flex wp-container-core-group-is-layout-64fa2afa wp-block-group-is-layout-flex\" style=\"padding-top:0;padding-right:0;padding-bottom:0;padding-left:0\">\n<figure class=\"wp-block-image size-large ext-aspect-landscape ext-animate--on wp-duotone-primary-foreground\"><img decoding=\"async\" src=\"data:image\/svg+xml;base64,PHN2ZyB4bWxucz0iaHR0cDovL3d3dy53My5vcmcvMjAwMC9zdmciIHdpZHRoPSI0OCIgaGVpZ2h0PSI0OCIgZmlsbD0iIzAwMDAwMCIgdmlld0JveD0iMCAwIDI1NiAyNTYiPjxwYXRoIGQ9Ik0xNzIsNzZhNDQsNDQsMCwxLDAtNDQsNDRBNDQuMDUsNDQuMDUsMCwwLDAsMTcyLDc2Wm0tNDQsMjhhMjgsMjgsMCwxLDEsMjgtMjhBMjgsMjgsMCwwLDEsMTI4LDEwNFptNjAsMjRhNDQsNDQsMCwxLDAsNDQsNDRBNDQuMDUsNDQuMDUsMCwwLDAsMTg4LDEyOFptMCw3MmEyOCwyOCwwLDEsMSwyOC0yOEEyOCwyOCwwLDAsMSwxODgsMjAwWk02OCwxMjhhNDQsNDQsMCwxLDAsNDQsNDRBNDQuMDUsNDQuMDUsMCwwLDAsNjgsMTI4Wm0wLDcyYTI4LDI4LDAsMSwxLDI4LTI4QTI4LDI4LDAsMCwxLDY4LDIwMFoiPjwvcGF0aD48L3N2Zz4=\" alt=\"\" style=\"object-fit:cover\"\/><\/figure>\n\n\n\n<div class=\"wp-block-group ext-animate--on wp-container-content-958eb9dc has-global-padding is-layout-constrained wp-container-core-group-is-layout-c06d165c wp-block-group-is-layout-constrained\" style=\"padding-top:0;padding-right:0;padding-bottom:0;padding-left:0\">\n<h3 class=\"wp-block-heading ext-animate--on\">INCLOU<\/h3>\n\n\n\n<p class=\"ext-animate--on\"><strong>Estrat\u00e8gia completa de temporada<\/strong><br>Constru\u00efm el teu any per arribar quan importa. Sense pics a l'atzar.<\/p>\n\n\n\n<p class=\"ext-animate--on\"><strong>Entrenament que s'adapta a la teva vida<\/strong><br>Ajustat al teu temps, el teu nivell i la teva realitat.<\/p>\n\n\n\n<p class=\"ext-animate--on\"><strong>Control real del rendiment<\/strong><br>Ritemes, pot\u00e8ncia i m\u00e8triques que guien cada sessi\u00f3.<\/p>\n\n\n\n<p class=\"ext-animate--on\"><strong>Gesti\u00f3 intel\u00b7ligent de la c\u00e0rrega<\/strong><br>Saber quan apretar i quan recuperar<\/p>\n\n\n\n<p class=\"ext-animate--on\"><strong>Seguiment constant<\/strong><br>Ajustaments setmanals en funci\u00f3 de la teva resposta a l'entrenament.<\/p>\n\n\n\n<p class=\"ext-animate--on\"><strong>Ecosistema complert de treball<\/strong><br>TrainingPeaks Premium<\/p>\n<\/div>\n<\/div>\n<\/div>\n<\/div>\n\n\n\n<div class=\"wp-block-group is-style-ext-preset--group--natural-1--item-card-1--align-start ext-animate--on has-global-padding is-layout-constrained wp-block-group-is-layout-constrained is-style-ext-preset--group--natural-1--item-card-1--align-start--4\">\n<div class=\"wp-block-group is-style-default ext-animate--on has-global-padding is-layout-constrained wp-block-group-is-layout-constrained\">\n<div class=\"wp-block-group ext-animate--on is-nowrap is-layout-flex wp-container-core-group-is-layout-64fa2afa wp-block-group-is-layout-flex\" style=\"padding-top:0;padding-right:0;padding-bottom:0;padding-left:0\">\n<figure class=\"wp-block-image size-large ext-aspect-landscape ext-animate--on wp-duotone-primary-foreground\"><img decoding=\"async\" src=\"data:image\/svg+xml;base64,PHN2ZyB4bWxucz0iaHR0cDovL3d3dy53My5vcmcvMjAwMC9zdmciIHdpZHRoPSI0OCIgaGVpZ2h0PSI0OCIgZmlsbD0iIzAwMDAwMCIgdmlld0JveD0iMCAwIDI1NiAyNTYiPjxwYXRoIGQ9Ik04MCw0MGE0MCw0MCwwLDEsMCw0MCw0MEE0MCw0MCwwLDAsMCw4MCw0MFptMCw2NGEyNCwyNCwwLDEsMSwyNC0yNEEyNCwyNCwwLDAsMSw4MCwxMDRabTk2LDE2YTQwLDQwLDAsMSwwLTQwLTQwQTQwLDQwLDAsMCwwLDE3NiwxMjBabTAtNjRhMjQsMjQsMCwxLDEtMjQsMjRBMjQsMjQsMCwwLDEsMTc2LDU2Wk04MCwxMzZhNDAsNDAsMCwxLDAsNDAsNDBBNDAsNDAsMCwwLDAsODAsMTM2Wm0wLDY0YTI0LDI0LDAsMSwxLDI0LTI0QTI0LDI0LDAsMCwxLDgwLDIwMFptOTYtNjRhNDAsNDAsMCwxLDAsNDAsNDBBNDAsNDAsMCwwLDAsMTc2LDEzNlptMCw2NGEyNCwyNCwwLDEsMSwyNC0yNEEyNCwyNCwwLDAsMSwxNzYsMjAwWiI+PC9wYXRoPjwvc3ZnPg==\" alt=\"\" style=\"object-fit:cover\"\/><\/figure>\n\n\n\n<div class=\"wp-block-group ext-animate--on wp-container-content-958eb9dc has-global-padding is-layout-constrained wp-container-core-group-is-layout-c06d165c wp-block-group-is-layout-constrained\" style=\"padding-top:0;padding-right:0;padding-bottom:0;padding-left:0\">\n<h2 class=\"wp-block-heading ext-animate--on\">COM TREBALLEM A IRONSTAGE<\/h2>\n\n\n\n<p class=\"ext-animate--on\"><strong>Adaptem el proc\u00e9s a tu combinant:<\/strong><\/p>\n\n\n\n<p class=\"ext-animate--on\">Dades objectives<\/p>\n\n\n\n<p class=\"ext-animate--on\">Sensacions<\/p>\n\n\n\n<p class=\"ext-animate--on\">Experi\u00e8ncia real en competici\u00f3<\/p>\n\n\n\n<p class=\"ext-animate--on\"><strong>Inici del pla:<\/strong>:<\/p>\n\n\n\n<p class=\"ext-animate--on\">Avaluaci\u00f3 inicial<\/p>\n\n\n\n<p class=\"ext-animate--on\">Definici\u00f3 d'objectius<\/p>\n\n\n\n<p class=\"ext-animate--on\">Configuraci\u00f3 d'eines<\/p>\n\n\n\n<p class=\"ext-animate--on\"><strong>L'objectiu \u00e9s arribar al dia de la carrera amb control total<\/strong><\/p>\n<\/div>\n<\/div>\n\n\n\n<div class=\"wp-block-columns ext-animate--on is-layout-flex wp-container-core-columns-is-layout-28f84493 wp-block-columns-is-layout-flex\">\n<div class=\"wp-block-column ext-animate--on is-layout-flow wp-block-column-is-layout-flow\"><\/div>\n<\/div>\n<\/div>\n<\/div>\n\n\n\n<div class=\"wp-block-group is-style-ext-preset--group--natural-1--item-card-1--align-start ext-animate--on has-global-padding is-layout-constrained wp-block-group-is-layout-constrained is-style-ext-preset--group--natural-1--item-card-1--align-start--5\">\n<div class=\"wp-block-group is-style-default ext-animate--on has-global-padding is-layout-constrained wp-block-group-is-layout-constrained\">\n<div class=\"wp-block-group ext-animate--on is-nowrap is-layout-flex wp-container-core-group-is-layout-64fa2afa wp-block-group-is-layout-flex\" style=\"padding-top:0;padding-right:0;padding-bottom:0;padding-left:0\">\n<figure class=\"wp-block-image size-large ext-aspect-landscape ext-animate--on wp-duotone-primary-foreground\"><img decoding=\"async\" src=\"data:image\/svg+xml;base64,PHN2ZyB4bWxucz0iaHR0cDovL3d3dy53My5vcmcvMjAwMC9zdmciIHdpZHRoPSI0OCIgaGVpZ2h0PSI0OCIgZmlsbD0iIzAwMDAwMCIgdmlld0JveD0iMCAwIDI1NiAyNTYiPjxwYXRoIGQ9Ik04MCw0MGE0MCw0MCwwLDEsMCw0MCw0MEE0MCw0MCwwLDAsMCw4MCw0MFptMCw2NGEyNCwyNCwwLDEsMSwyNC0yNEEyNCwyNCwwLDAsMSw4MCwxMDRabTk2LDE2YTQwLDQwLDAsMSwwLTQwLTQwQTQwLDQwLDAsMCwwLDE3NiwxMjBabTAtNjRhMjQsMjQsMCwxLDEtMjQsMjRBMjQsMjQsMCwwLDEsMTc2LDU2Wk04MCwxMzZhNDAsNDAsMCwxLDAsNDAsNDBBNDAsNDAsMCwwLDAsODAsMTM2Wm0wLDY0YTI0LDI0LDAsMSwxLDI0LTI0QTI0LDI0LDAsMCwxLDgwLDIwMFptMTM2LTI0YTgsOCwwLDAsMS04LDhIMTg0djI0YTgsOCwwLDAsMS0xNiwwVjE4NEgxNDRhOCw4LDAsMCwxLDAtMTZoMjRWMTQ0YTgsOCwwLDAsMSwxNiwwdjI0aDI0QTgsOCwwLDAsMSwyMTYsMTc2WiI+PC9wYXRoPjwvc3ZnPg==\" alt=\"\" style=\"object-fit:cover\"\/><\/figure>\n\n\n\n<div class=\"wp-block-group ext-animate--on wp-container-content-958eb9dc has-global-padding is-layout-constrained wp-container-core-group-is-layout-c06d165c wp-block-group-is-layout-constrained\" style=\"padding-top:0;padding-right:0;padding-bottom:0;padding-left:0\">\n<h3 class=\"wp-block-heading ext-animate--on\">COMUNICACI\u00d3<\/h3>\n\n\n\n<p class=\"ext-animate--on\"><strong>Contacte directe i continuat<\/strong><\/p>\n\n\n\n<p class=\"ext-animate--on\">Revisi\u00f3 setmanal estructurada<\/p>\n\n\n\n<p class=\"ext-animate--on\"><strong>Suport per WhatsApp en horari de dilluns a dissabte de 9h a 19h<\/strong><\/p>\n\n\n\n<p class=\"ext-animate--on\"><strong>Suport telef\u00f2nic en horari de dilluns a divendres de 16h a 18h<\/strong><\/p>\n<\/div>\n<\/div>\n<\/div>\n<\/div>\n\n\n\n<div class=\"wp-block-buttons ext-animate--on is-content-justification-right is-layout-flex wp-container-core-buttons-is-layout-e035ea83 wp-block-buttons-is-layout-flex\">\n<div class=\"wp-block-button has-custom-width wp-block-button__width-100 ext-animate--on is-style-outline is-style-outline--6\"><a class=\"wp-block-button__link wp-element-button\" href=\"https:\/\/ironstage.org\/ca\/reserva\/\"><strong>RESERVA JA!<\/strong><\/a><\/div>\n<\/div>\n<\/div>\n<\/div>\n<\/div>\n<\/div>\n\n\n\n<div class=\"wp-block-group alignfull is-style-ext-preset--group--natural-1--section ext-animate--on has-background-background-color has-background has-global-padding is-layout-constrained wp-block-group-is-layout-constrained is-style-ext-preset--group--natural-1--section--7\" style=\"margin-top:0;margin-bottom:0;padding-top:0;padding-bottom:0\">\n<div class=\"wp-block-cover alignfull is-style-ext-preset--cover--natural-1--cover-overlay-1 ext-animate--on is-style-ext-preset--cover--natural-1--cover-overlay-1--8\" style=\"padding-top:var(--wp--preset--spacing--70);padding-right:var(--wp--preset--spacing--30);padding-bottom:var(--wp--preset--spacing--70);padding-left:var(--wp--preset--spacing--30)\"><img loading=\"lazy\" decoding=\"async\" width=\"1440\" height=\"935\" class=\"wp-block-cover__image-background wp-image-1420\" alt=\"\" src=\"https:\/\/ironstage.org\/wp-content\/uploads\/2026\/04\/9612e1a3bc0784d27751a9a801ba23b89f9d288b.jpg\" data-object-fit=\"cover\" srcset=\"https:\/\/ironstage.org\/wp-content\/uploads\/2026\/04\/9612e1a3bc0784d27751a9a801ba23b89f9d288b.jpg 1440w, https:\/\/ironstage.org\/wp-content\/uploads\/2026\/04\/9612e1a3bc0784d27751a9a801ba23b89f9d288b-300x195.jpg 300w, https:\/\/ironstage.org\/wp-content\/uploads\/2026\/04\/9612e1a3bc0784d27751a9a801ba23b89f9d288b-1024x665.jpg 1024w, https:\/\/ironstage.org\/wp-content\/uploads\/2026\/04\/9612e1a3bc0784d27751a9a801ba23b89f9d288b-768x499.jpg 768w, https:\/\/ironstage.org\/wp-content\/uploads\/2026\/04\/9612e1a3bc0784d27751a9a801ba23b89f9d288b-18x12.jpg 18w, https:\/\/ironstage.org\/wp-content\/uploads\/2026\/04\/9612e1a3bc0784d27751a9a801ba23b89f9d288b-600x390.jpg 600w\" sizes=\"auto, (max-width: 1440px) 100vw, 1440px\" \/><span aria-hidden=\"true\" class=\"wp-block-cover__background has-background-dim-80 has-background-dim\" style=\"background-color:#010101\"><\/span><div class=\"wp-block-cover__inner-container has-global-padding is-layout-constrained wp-container-core-cover-is-layout-5cffc2c1 wp-block-cover-is-layout-constrained\">\n<div class=\"wp-block-group alignwide ext-is-logical-start ext-animate--on has-global-padding is-content-justification-center is-layout-constrained wp-container-core-group-is-layout-fe3e0d0e wp-block-group-is-layout-constrained\">\n<figure class=\"wp-block-image aligncenter size-large is-resized ext-animate--on\"><img loading=\"lazy\" decoding=\"async\" width=\"1024\" height=\"683\" src=\"https:\/\/ironstage.org\/wp-content\/uploads\/2026\/04\/ChatGPT-Image-26-dabr.-del-2026-19_40_50-6-1024x683.png\" alt=\"\" class=\"wp-image-1399\" style=\"width:178px;height:auto\" srcset=\"https:\/\/ironstage.org\/wp-content\/uploads\/2026\/04\/ChatGPT-Image-26-dabr.-del-2026-19_40_50-6-1024x683.png 1024w, https:\/\/ironstage.org\/wp-content\/uploads\/2026\/04\/ChatGPT-Image-26-dabr.-del-2026-19_40_50-6-300x200.png 300w, https:\/\/ironstage.org\/wp-content\/uploads\/2026\/04\/ChatGPT-Image-26-dabr.-del-2026-19_40_50-6-768x512.png 768w, https:\/\/ironstage.org\/wp-content\/uploads\/2026\/04\/ChatGPT-Image-26-dabr.-del-2026-19_40_50-6-18x12.png 18w, https:\/\/ironstage.org\/wp-content\/uploads\/2026\/04\/ChatGPT-Image-26-dabr.-del-2026-19_40_50-6-600x400.png 600w, https:\/\/ironstage.org\/wp-content\/uploads\/2026\/04\/ChatGPT-Image-26-dabr.-del-2026-19_40_50-6.png 1536w\" sizes=\"auto, (max-width: 1024px) 100vw, 1024px\" \/><\/figure>\n\n\n\n<h3 class=\"wp-block-heading has-text-align-center ext-animate--on\">Comen\u00e7a el teu cam\u00ed cap al triat\u00f3 perfecte ara!<\/h3>\n\n\n\n<p class=\"has-text-align-left ext-animate--on\" style=\"margin-top:1.5rem\">Transforma el teu rendiment amb un pla fet per tu. uneix-te i descobreix com aconseguir les teves fites amb entrenament especialitzat i suport continuat.<\/p>\n\n\n\n<div class=\"wp-block-buttons ext-animate--on is-content-justification-center is-layout-flex wp-container-core-buttons-is-layout-a89b3969 wp-block-buttons-is-layout-flex\">\n<div class=\"wp-block-button is-style-ext-preset--button--natural-1--button-1 ext-animate--on is-style-ext-preset--button--natural-1--button-1--9\"><a class=\"wp-block-button__link wp-element-button\" href=\"https:\/\/ironstage.org\/ca\/reserva\/\">Reserva-ho ja!<\/a><\/div>\n<\/div>\n<\/div>\n<\/div><\/div>\n<\/div>","protected":false},"excerpt":{"rendered":"<p>Planifica tu Objetivo con Resultados Garantizados INCLUYE Estrategia completa de temporadaConstruimos tu a\u00f1o para llegar cuando importa. Sin picos al azar. Entrenamiento que se adapta a tu vidaAjustado a tu tiempo, tu nivel y tu realidad. Control real del rendimientoRitmos, potencia y m\u00e9tricas que gu\u00edan cada sesi\u00f3n. Gesti\u00f3n inteligente de la cargaSaber cu\u00e1ndo apretar y [&hellip;]<\/p>\n","protected":false},"author":1,"featured_media":0,"parent":0,"menu_order":0,"comment_status":"closed","ping_status":"closed","template":"page-with-title","meta":{"footnotes":""},"class_list":["post-457","page","type-page","status-publish","hentry"],"_links":{"self":[{"href":"https:\/\/ironstage.org\/ca\/wp-json\/wp\/v2\/pages\/457","targetHints":{"allow":["GET"]}}],"collection":[{"href":"https:\/\/ironstage.org\/ca\/wp-json\/wp\/v2\/pages"}],"about":[{"href":"https:\/\/ironstage.org\/ca\/wp-json\/wp\/v2\/types\/page"}],"author":[{"embeddable":true,"href":"https:\/\/ironstage.org\/ca\/wp-json\/wp\/v2\/users\/1"}],"replies":[{"embeddable":true,"href":"https:\/\/ironstage.org\/ca\/wp-json\/wp\/v2\/comments?post=457"}],"version-history":[{"count":302,"href":"https:\/\/ironstage.org\/ca\/wp-json\/wp\/v2\/pages\/457\/revisions"}],"predecessor-version":[{"id":1421,"href":"https:\/\/ironstage.org\/ca\/wp-json\/wp\/v2\/pages\/457\/revisions\/1421"}],"wp:attachment":[{"href":"https:\/\/ironstage.org\/ca\/wp-json\/wp\/v2\/media?parent=457"}],"curies":[{"name":"wp","href":"https:\/\/api.w.org\/{rel}","templated":true}]}}