{"id":340,"date":"2026-04-24T17:55:40","date_gmt":"2026-04-24T17:55:40","guid":{"rendered":"https:\/\/ironstage.org\/?page_id=340"},"modified":"2026-05-02T20:04:42","modified_gmt":"2026-05-02T20:04:42","slug":"training-camp-lanzarote","status":"publish","type":"page","link":"https:\/\/ironstage.org\/ca\/training-camp-lanzarote\/","title":{"rendered":"Training Camp Lanzarote"},"content":{"rendered":"<div class=\"wp-block-group alignfull is-style-ext-preset--group--natural-1--section ext-animate--on has-background-background-color has-background has-global-padding is-layout-constrained wp-container-core-group-is-layout-843e5a6d wp-block-group-is-layout-constrained is-style-ext-preset--group--natural-1--section--1\" style=\"margin-top:0;margin-bottom:0;padding-top:var(--wp--preset--spacing--70);padding-bottom:var(--wp--preset--spacing--70)\">\n<h2 class=\"wp-block-heading has-text-align-center ext-animate--on\">Descobreix tots els detalls del nostre exclusiu Training Camp a Lanzarote<\/h2>\n\n\n\n<p class=\"has-text-align-center ext-animate--on\" style=\"margin-top:1.5rem\">Coneix com el nostre campament est\u00e0 dissenyat per a triatletes que busquen millorar el rendiment en un entorn \u00fanic, amb entrenadors experts i activitats personalitzades per maximitzar la teva preparaci\u00f3.<\/p>\n\n\n\n<figure class=\"wp-block-image size-large is-style-ext-preset-image-natural-1-image-1--content-any is-style-ext-preset--image--natural-1--image-1--content-any ext-animate--on is-style-ext-preset--image--natural-1--image-1--content-any--2\"><img loading=\"lazy\" decoding=\"async\" width=\"1024\" height=\"956\" src=\"https:\/\/ironstage.org\/wp-content\/uploads\/2026\/05\/WhatsApp-Image-2026-04-13-at-10.23.48-1-1024x956.jpeg\" alt=\"\" class=\"wp-image-1430\" style=\"aspect-ratio:16\/9;object-fit:cover\" srcset=\"https:\/\/ironstage.org\/wp-content\/uploads\/2026\/05\/WhatsApp-Image-2026-04-13-at-10.23.48-1-1024x956.jpeg 1024w, https:\/\/ironstage.org\/wp-content\/uploads\/2026\/05\/WhatsApp-Image-2026-04-13-at-10.23.48-1-300x280.jpeg 300w, https:\/\/ironstage.org\/wp-content\/uploads\/2026\/05\/WhatsApp-Image-2026-04-13-at-10.23.48-1-768x717.jpeg 768w, https:\/\/ironstage.org\/wp-content\/uploads\/2026\/05\/WhatsApp-Image-2026-04-13-at-10.23.48-1-13x12.jpeg 13w, https:\/\/ironstage.org\/wp-content\/uploads\/2026\/05\/WhatsApp-Image-2026-04-13-at-10.23.48-1-600x560.jpeg 600w, https:\/\/ironstage.org\/wp-content\/uploads\/2026\/05\/WhatsApp-Image-2026-04-13-at-10.23.48-1.jpeg 1161w\" sizes=\"auto, (max-width: 1024px) 100vw, 1024px\" \/><\/figure>\n<\/div>\n\n\n\n<div class=\"wp-block-group alignfull is-style-ext-preset--group--natural-1--section ext-animate--on has-tertiary-background-color has-background has-global-padding is-layout-constrained wp-container-core-group-is-layout-e955bbaf wp-block-group-is-layout-constrained is-style-ext-preset--group--natural-1--section--3\" style=\"margin-top:0;margin-bottom:0;padding-top:var(--wp--preset--spacing--70);padding-bottom:var(--wp--preset--spacing--70)\">\n<div class=\"wp-block-group alignwide ext-is-logical-start ext-animate--on is-style-ext-preset--group--gradient-1--footer-1 has-global-padding is-content-justification-left is-layout-constrained wp-container-core-group-is-layout-6729bdbe wp-block-group-is-layout-constrained is-style-ext-preset--group--gradient-1--footer-1--4\">\n<h2 class=\"wp-block-heading alignwide ext-animate--on\">Descobreix el nostre exclusiu                                                          Training Camp a Lanzarote<\/h2>\n\n\n\n<div class=\"wp-block-group alignwide ext-animate--on is-nowrap is-layout-flex wp-container-core-group-is-layout-6c531013 wp-block-group-is-layout-flex\">\n<p class=\"has-text-align-left ext-animate--on\">Coneix les activitats dissenyades per triatletes que desitgen maximitzar el seu potencial a Lanzarote.<\/p>\n\n\n\n<div class=\"wp-block-buttons ext-animate--on is-content-justification-right is-layout-flex wp-container-core-buttons-is-layout-d445cf74 wp-block-buttons-is-layout-flex\">\n<div class=\"wp-block-button ext-animate--on is-style-outline is-style-outline--5\"><a class=\"wp-block-button__link wp-element-button\" href=\"https:\/\/ironstage.org\/ca\/reserva\/\">RESERVA JA!<\/a><\/div>\n<\/div>\n<\/div>\n\n\n\n<p class=\"ext-animate--on\">\ud83d\udcc5 Del 22 al 27 de febrero<\/p>\n\n\n\n<p class=\"ext-animate--on\">PREU per persona <strong>685\u20ac <\/strong>en habitaci\u00f3n doble<\/p>\n\n\n\n<p class=\"ext-animate--on\">\u26a0\ufe0f Places limitades<br>\ud83d\udc49 Confirmeu per assegurar la pla\u00e7a <\/p>\n\n\n\n<div class=\"wp-block-columns alignwide ext-animate--on is-layout-flex wp-container-core-columns-is-layout-08c01c1c wp-block-columns-is-layout-flex\">\n<div class=\"wp-block-column is-vertically-aligned-stretch ext-animate--on is-layout-flow wp-container-core-column-is-layout-f5bb311e wp-block-column-is-layout-flow\">\n<div class=\"wp-block-group is-style-ext-preset--group--natural-1--item-card-1--align-start ext-animate--on is-vertical is-layout-flex wp-container-core-group-is-layout-fe9cc265 wp-block-group-is-layout-flex is-style-ext-preset--group--natural-1--item-card-1--align-start--6\">\n<div class=\"wp-block-cover has-custom-content-position is-position-top-center ext-animate--on\" style=\"min-height:631px;aspect-ratio:unset;\"><span aria-hidden=\"true\" class=\"wp-block-cover__background has-background-dim\"><\/span><div class=\"wp-block-cover__inner-container is-layout-flow wp-block-cover-is-layout-flow\">\n<div class=\"wp-block-group is-style-default ext-animate--on is-vertical is-layout-flex wp-container-core-group-is-layout-fe9cc265 wp-block-group-is-layout-flex\">\n<div class=\"wp-block-group ext-animate--on is-nowrap is-layout-flex wp-container-core-group-is-layout-64fa2afa wp-block-group-is-layout-flex\" style=\"padding-top:0;padding-right:0;padding-bottom:0;padding-left:0\">\n<div class=\"wp-block-group ext-animate--on wp-container-content-958eb9dc has-global-padding is-layout-constrained wp-container-core-group-is-layout-c06d165c wp-block-group-is-layout-constrained\" style=\"padding-top:0;padding-right:0;padding-bottom:0;padding-left:0\">\n<h3 class=\"wp-block-heading ext-animate--on\">INCLOU<\/h3>\n\n\n\n<p class=\"ext-animate--on\">\u2714\ufe0f 5 nits a Barcel\u00f3 Lanzarote Active Resort<br>\u2714\ufe0f Media pensi\u00f3n: desayuno + cena \ud83c\udf7d\ufe0f (escogemos esta opci\u00f3n para disfrutar y aprovechar la bici al m\u00e1ximo \ud83d\udeb4\u200d\u2642\ufe0f)     \u2714\ufe0f Stage estructurado con planificaci\u00f3n diaria<br>\u2714\ufe0f Entrenaments guiats<br>\u2714\ufe0f Grups per nivell<br>\u2714\ufe0f Rutes planificades a Strava<br>\u2714\ufe0f \u00das exclusiu de piscina ol\u00edmpica <br>\u2714\ufe0f Acc\u00e9s complet a instal\u00b7lacions esportives.<br>\u2714\ufe0f Maillot exclusiu de l'edici\u00f3 per inscripcions reservades abans de l'1 d'octubre<br>\u2714\ufe0f \ud83d\ude90 Transfer aeroport \u2013 hotel \u2013 aeroport<\/p>\n<\/div>\n<\/div>\n<\/div>\n<\/div><\/div>\n<\/div>\n<\/div>\n\n\n\n<div class=\"wp-block-column is-vertically-aligned-stretch ext-animate--on is-layout-flow wp-container-core-column-is-layout-f5bb311e wp-block-column-is-layout-flow\">\n<div class=\"wp-block-group is-style-ext-preset--group--natural-1--item-card-1--align-start ext-animate--on is-vertical is-layout-flex wp-container-core-group-is-layout-fe9cc265 wp-block-group-is-layout-flex is-style-ext-preset--group--natural-1--item-card-1--align-start--7\">\n<div class=\"wp-block-cover has-custom-content-position is-position-top-center ext-animate--on wp-duotone-primary-and-tertiary\" style=\"min-height:633px;aspect-ratio:unset;\"><span aria-hidden=\"true\" class=\"wp-block-cover__background has-background-dim\"><\/span><div class=\"wp-block-cover__inner-container is-layout-flow wp-block-cover-is-layout-flow\">\n<div class=\"wp-block-group is-style-default ext-animate--on is-vertical is-layout-flex wp-container-core-group-is-layout-fe9cc265 wp-block-group-is-layout-flex\">\n<div class=\"wp-block-group ext-animate--on is-nowrap is-layout-flex wp-container-core-group-is-layout-64fa2afa wp-block-group-is-layout-flex\" style=\"padding-top:0;padding-right:0;padding-bottom:0;padding-left:0\">\n<div class=\"wp-block-group ext-animate--on wp-container-content-958eb9dc has-global-padding is-layout-constrained wp-container-core-group-is-layout-c06d165c wp-block-group-is-layout-constrained\" style=\"padding-top:0;padding-right:0;padding-bottom:0;padding-left:0\">\n<h3 class=\"wp-block-heading ext-animate--on\">NO INCLOU<\/h3>\n\n\n\n<p class=\"ext-animate--on\">\u2708\ufe0fVols<\/p>\n\n\n\n<p class=\"ext-animate--on\">\ud83d\udeb4\u200d\u2642\ufe0f Lloguer de bicicleta a la illa \u2192 des de 22\u20ac\/dia<\/p>\n\n\n\n<p class=\"ext-animate--on\">\ud83d\udeb4\u200d\u2642\ufe0f Transport de bici pr\u00f2pia \u2192 consultar amb l'aerolinea<\/p>\n<\/div>\n<\/div>\n<\/div>\n<\/div><\/div>\n<\/div>\n<\/div>\n\n\n\n<div class=\"wp-block-column is-vertically-aligned-stretch ext-animate--on is-layout-flow wp-container-core-column-is-layout-f5bb311e wp-block-column-is-layout-flow\">\n<div class=\"wp-block-group is-style-ext-preset--group--natural-1--item-card-1--align-start ext-animate--on has-global-padding is-layout-constrained wp-block-group-is-layout-constrained is-style-ext-preset--group--natural-1--item-card-1--align-start--8\">\n<div class=\"wp-block-cover has-custom-content-position is-position-top-center ext-animate--on\" style=\"min-height:632px;aspect-ratio:unset;\"><span aria-hidden=\"true\" class=\"wp-block-cover__background has-background-dim\"><\/span><div class=\"wp-block-cover__inner-container is-layout-flow wp-block-cover-is-layout-flow\">\n<div class=\"wp-block-group is-style-default ext-animate--on is-vertical is-layout-flex wp-container-core-group-is-layout-fe9cc265 wp-block-group-is-layout-flex\">\n<div class=\"wp-block-group ext-animate--on is-nowrap is-layout-flex wp-container-core-group-is-layout-64fa2afa wp-block-group-is-layout-flex\" style=\"padding-top:0;padding-right:0;padding-bottom:0;padding-left:0\">\n<div class=\"wp-block-group ext-animate--on wp-container-content-958eb9dc has-global-padding is-layout-constrained wp-container-core-group-is-layout-c06d165c wp-block-group-is-layout-constrained\" style=\"padding-top:0;padding-right:0;padding-bottom:0;padding-left:0\">\n<h2 class=\"wp-block-heading ext-animate--on\">POL\u00cdTICA DE PAGAMENT<\/h2>\n\n\n\n<p class=\"ext-animate--on\">\ud83d\udd12 Reserva \u2192 10% no reemborsable<br>\ud83d\udcb0 Segon pagament\u2192 60% abans del 22 d'octubre<br>\ud83d\udcb3 Pagament final \u2192 30% abans del 8 de gener<\/p>\n<\/div>\n<\/div>\n<\/div>\n<\/div><\/div>\n<\/div>\n<\/div>\n<\/div>\n<\/div>\n\n\n\n<figure class=\"wp-block-image aligncenter size-full is-resized ext-animate--on\"><img loading=\"lazy\" decoding=\"async\" width=\"745\" height=\"744\" src=\"https:\/\/ironstage.org\/wp-content\/uploads\/2026\/05\/WhatsApp-Image-2026-04-24-at-19.33.56-2.jpeg\" alt=\"\" class=\"wp-image-1645\" style=\"aspect-ratio:1.001350407450524;width:267px;height:auto\" srcset=\"https:\/\/ironstage.org\/wp-content\/uploads\/2026\/05\/WhatsApp-Image-2026-04-24-at-19.33.56-2.jpeg 745w, https:\/\/ironstage.org\/wp-content\/uploads\/2026\/05\/WhatsApp-Image-2026-04-24-at-19.33.56-2-300x300.jpeg 300w, https:\/\/ironstage.org\/wp-content\/uploads\/2026\/05\/WhatsApp-Image-2026-04-24-at-19.33.56-2-150x150.jpeg 150w, https:\/\/ironstage.org\/wp-content\/uploads\/2026\/05\/WhatsApp-Image-2026-04-24-at-19.33.56-2-12x12.jpeg 12w, https:\/\/ironstage.org\/wp-content\/uploads\/2026\/05\/WhatsApp-Image-2026-04-24-at-19.33.56-2-600x599.jpeg 600w, https:\/\/ironstage.org\/wp-content\/uploads\/2026\/05\/WhatsApp-Image-2026-04-24-at-19.33.56-2-100x100.jpeg 100w\" sizes=\"auto, (max-width: 745px) 100vw, 745px\" \/><\/figure>\n\n\n\n<h2 class=\"wp-block-heading alignwide has-text-align-center ext-animate--on\">Programa diari \u00b7 IRONSTAGE Lanzarote<\/h2>\n\n\n\n<h3 class=\"wp-block-heading has-text-align-center ext-animate--on\">Dia 1 \u00b7 Arribada + activaci\u00f3<\/h3>\n\n\n\n<p class=\"ext-animate--on\">Arribada a l'hotel, benvinguda del grup i activaci\u00f3 suau.                           Entrenaments:                                                                                                        Running suau 45\u2019 pel passeig                                                                                              Nataci\u00f3 d'activaci\u00f3 per la tarda.<\/p>\n\n\n\n<h3 class=\"wp-block-heading has-text-align-center ext-animate--on\">Dia 2 \u00b7 Volum controlat<\/h3>\n\n\n\n<p class=\"ext-animate--on\">Primer dia complet d\u00b4entrenament,                                    combinant aigua, bici i cursa suau.                                          Entrenaments:                                                                    Nataci\u00f3 al mat\u00ed                                                                                                 Bici 2h30-3h                                                                                               Carrera suau posterior<\/p>\n\n\n\n<h3 class=\"wp-block-heading has-text-align-center ext-animate--on\">Dia 3 \u00b7 BIG DAY<\/h3>\n\n\n\n<p class=\"ext-animate--on\">Dia clau del Training Camp: simulaci\u00f3 llarga de ciclisme en circuit Ironman Lanzarote.                                                                                                         Entrenaments:                                                                                                                        Bici llarga circuit Ironman Lanzarote                                                                                       Sense nataci\u00f3                                                                                                                   Sense carrera<\/p>\n\n\n\n<h3 class=\"wp-block-heading has-text-align-center ext-animate--on\">Dis 4 \u00b7 Recovery + t\u00e8cnica<\/h3>\n\n\n\n<p class=\"ext-animate--on\">Jornada de recuperaci\u00f3 activa, treball t\u00e8cnic i estrat\u00e8gia.                                                  Entrenaments:                                                        Nataci\u00f3 t\u00e8cnica                                                          Bici suau 40-50km                                                 Xerrada: com preparar un Ironman (dies previs i dia de cursa)<\/p>\n\n\n\n<h3 class=\"wp-block-heading has-text-align-center ext-animate--on\">Dia 5 \u00b7 Simulaci\u00f3 real<\/h3>\n\n\n\n<p class=\"ext-animate--on\">Dia espec\u00edfic de competici\u00f3 amb treball combinat.                                                                    Entrenaments:                                                                                                                Nataci\u00f3                                                                                                                                        Bici 3h-3.30h                                                                                                                                  T2                                                                                                                                                        Running en tri\u00e0ngle<\/p>\n\n\n\n<h3 class=\"wp-block-heading has-text-align-center ext-animate--on\">Dia 6 \u00b7 Tancament<\/h3>\n\n\n\n<p class=\"ext-animate--on\">\u00daltima sessi\u00f3 regenerativa abans de la sortida.                                           Entrenaments:                                                                                                                  Nataci\u00f3 regenerativa                                                                                                           Check-out i sortida del grup<\/p>\n\n\n\n<div class=\"wp-block-cover is-style-ext-preset--image--natural-1--image-1--content-right ext-animate--on is-style-ext-preset--image--natural-1--image-1--content-right--9\" style=\"padding-top:0;padding-bottom:0;min-height:621px;aspect-ratio:unset;\"><img loading=\"lazy\" decoding=\"async\" width=\"960\" height=\"1440\" class=\"wp-block-cover__image-background wp-image-366\" alt=\"\" src=\"https:\/\/ironstage.org\/wp-content\/uploads\/2026\/04\/3addb6b58e2ebeb2ea0bcbe73bf4c2cd9807d88b.jpg\" data-object-fit=\"cover\" srcset=\"https:\/\/ironstage.org\/wp-content\/uploads\/2026\/04\/3addb6b58e2ebeb2ea0bcbe73bf4c2cd9807d88b.jpg 960w, https:\/\/ironstage.org\/wp-content\/uploads\/2026\/04\/3addb6b58e2ebeb2ea0bcbe73bf4c2cd9807d88b-200x300.jpg 200w, https:\/\/ironstage.org\/wp-content\/uploads\/2026\/04\/3addb6b58e2ebeb2ea0bcbe73bf4c2cd9807d88b-683x1024.jpg 683w, https:\/\/ironstage.org\/wp-content\/uploads\/2026\/04\/3addb6b58e2ebeb2ea0bcbe73bf4c2cd9807d88b-768x1152.jpg 768w, https:\/\/ironstage.org\/wp-content\/uploads\/2026\/04\/3addb6b58e2ebeb2ea0bcbe73bf4c2cd9807d88b-600x900.jpg 600w\" sizes=\"auto, (max-width: 960px) 100vw, 960px\" \/><span aria-hidden=\"true\" class=\"wp-block-cover__background has-background-dim-0 has-background-dim\"><\/span><div class=\"wp-block-cover__inner-container is-layout-flow wp-block-cover-is-layout-flow\">\n<div style=\"height:240px\" aria-hidden=\"true\" class=\"wp-block-spacer ext-animate--on\"><\/div>\n<\/div><\/div>\n<\/div>\n\n\n\n<div class=\"wp-block-group alignfull is-style-ext-preset--group--natural-1--section ext-animate--on has-tertiary-background-color has-background has-global-padding is-layout-constrained wp-container-core-group-is-layout-f72f1611 wp-block-group-is-layout-constrained is-style-ext-preset--group--natural-1--section--10\" style=\"margin-top:0;margin-bottom:0;padding-top:var(--wp--preset--spacing--70);padding-bottom:var(--wp--preset--spacing--70)\">\n<div class=\"wp-block-group alignwide ext-is-logical-start ext-animate--on has-global-padding is-content-justification-left is-layout-constrained wp-container-core-group-is-layout-6729bdbe wp-block-group-is-layout-constrained\">\n<h2 class=\"wp-block-heading ext-animate--on\">Descobreix moments inoblidables de Training Camp Lanzarote<\/h2>\n\n\n\n<p class=\"has-text-align-left ext-animate--on\" style=\"margin-top:1.5rem\">Aqu\u00ed veuras fotografies exclusives que capturen l'energia i passi\u00f3 dels nostres entrenaments en un moment \u00fanic.<\/p>\n<\/div>\n\n\n\n<div class=\"wp-block-columns alignwide ext-animate--on is-layout-flex wp-container-core-columns-is-layout-87beb0d0 wp-block-columns-is-layout-flex\"><\/div>\n<\/div>\n\n\n\n<div class=\"wp-block-group alignfull is-style-ext-preset--group--natural-1--section ext-animate--on has-background-background-color has-background has-global-padding is-layout-constrained wp-block-group-is-layout-constrained is-style-ext-preset--group--natural-1--section--11\" style=\"margin-top:0;margin-bottom:0;padding-top:var(--wp--preset--spacing--70);padding-bottom:var(--wp--preset--spacing--70)\">\n<div class=\"wp-block-columns alignwide ext-animate--on is-layout-flex wp-container-core-columns-is-layout-174606dc wp-block-columns-is-layout-flex\">\n<div class=\"wp-block-column is-vertically-aligned-top ext-animate--on is-layout-flow wp-block-column-is-layout-flow\">\n<h2 class=\"wp-block-heading ext-animate--off\">Comen\u00e7a la teva transformaci\u00f3 ara<\/h2>\n<\/div>\n\n\n\n<div class=\"wp-block-column ext-animate--on is-layout-flow wp-block-column-is-layout-flow\">\n<p class=\"ext-animate--on\">Uneix-te al nostre campament i potencia el teu rendiment amb entrenaments personalitzats en un entorn \u00fanic. Inscriu-te i descobreix com portar el teu triatl\u00f3 al seg\u00fcent nivell.<\/p>\n\n\n\n<div class=\"wp-block-buttons ext-animate--on is-layout-flex wp-block-buttons-is-layout-flex\">\n<div class=\"wp-block-button ext-animate--on is-style-outline is-style-outline--12\"><a class=\"wp-block-button__link wp-element-button\" href=\"https:\/\/ironstage.org\/ca\/reserva\/\">RESERVA JA!<\/a><\/div>\n<\/div>\n<\/div>\n<\/div>\n<\/div>","protected":false},"excerpt":{"rendered":"<p>Descubre todos los detalles sobre nuestro exclusivo Training Camp en Lanzarote Conoce c\u00f3mo nuestro campamento est\u00e1 dise\u00f1ado para triatletas que buscan mejorar su rendimiento en un entorno \u00fanico, con entrenadores expertos y actividades personalizadas para maximizar tu preparaci\u00f3n. Descubre nuestro exclusivo Training Camp en Lanzarote Conoce las actividades dise\u00f1adas para triatletas que desean maximizar su [&hellip;]<\/p>\n","protected":false},"author":1,"featured_media":0,"parent":0,"menu_order":0,"comment_status":"closed","ping_status":"closed","template":"page-with-title","meta":{"footnotes":""},"class_list":["post-340","page","type-page","status-publish","hentry"],"_links":{"self":[{"href":"https:\/\/ironstage.org\/ca\/wp-json\/wp\/v2\/pages\/340","targetHints":{"allow":["GET"]}}],"collection":[{"href":"https:\/\/ironstage.org\/ca\/wp-json\/wp\/v2\/pages"}],"about":[{"href":"https:\/\/ironstage.org\/ca\/wp-json\/wp\/v2\/types\/page"}],"author":[{"embeddable":true,"href":"https:\/\/ironstage.org\/ca\/wp-json\/wp\/v2\/users\/1"}],"replies":[{"embeddable":true,"href":"https:\/\/ironstage.org\/ca\/wp-json\/wp\/v2\/comments?post=340"}],"version-history":[{"count":187,"href":"https:\/\/ironstage.org\/ca\/wp-json\/wp\/v2\/pages\/340\/revisions"}],"predecessor-version":[{"id":1734,"href":"https:\/\/ironstage.org\/ca\/wp-json\/wp\/v2\/pages\/340\/revisions\/1734"}],"wp:attachment":[{"href":"https:\/\/ironstage.org\/ca\/wp-json\/wp\/v2\/media?parent=340"}],"curies":[{"name":"wp","href":"https:\/\/api.w.org\/{rel}","templated":true}]}}