{"id":338,"date":"2026-04-24T17:54:37","date_gmt":"2026-04-24T17:54:37","guid":{"rendered":"https:\/\/ironstage.org\/?page_id=338"},"modified":"2026-04-25T21:10:11","modified_gmt":"2026-04-25T21:10:11","slug":"training-camp-amposta","status":"publish","type":"page","link":"https:\/\/ironstage.org\/ca\/training-camp-amposta\/","title":{"rendered":"Training Camp Amposta"},"content":{"rendered":"<div class=\"wp-block-group alignfull is-style-ext-preset--group--natural-1--section ext-animate--on has-background-background-color has-background has-global-padding is-layout-constrained wp-container-core-group-is-layout-6714b1d7 wp-block-group-is-layout-constrained is-style-ext-preset--group--natural-1--section--1\" style=\"margin-top:0;margin-bottom:0;padding-top:var(--wp--preset--spacing--70);padding-bottom:var(--wp--preset--spacing--70)\">\n<h2 class=\"wp-block-heading alignwide has-text-align-center ext-animate--on\">Descubre todos los detalles sobre el Training Camp en Amposta organizado por IRONSTAGE.<\/h2>\n\n\n\n<p class=\"has-text-align-center ext-animate--on\" style=\"margin-top:1.5rem\">Explora c\u00f3mo nuestro campamento en Amposta combina                             actividades deportivas, instalaciones de primer nivel y un equipo comprometido                       para ofrecer una experiencia \u00fanica que impulsa tu rendimiento                                        y pasi\u00f3n por el deporte.                                                                                                                             <strong>Si tienes un Ironman en mente\u2026 este es el punto donde todo encaja.<\/strong><\/p>\n\n\n\n<div class=\"wp-block-columns alignwide ext-animate--on is-layout-flex wp-container-core-columns-is-layout-28f84493 wp-block-columns-is-layout-flex\">\n<div class=\"wp-block-column ext-animate--on is-layout-flow wp-block-column-is-layout-flow\">\n<figure class=\"wp-block-image size-full is-style-ext-preset-image-natural-1-image-1--content-bottom is-style-ext-preset--image--natural-1--image-1--content-bottom ext-animate--on is-style-ext-preset--image--natural-1--image-1--content-bottom--2\"><img loading=\"lazy\" decoding=\"async\" width=\"629\" height=\"746\" src=\"https:\/\/ironstage.org\/wp-content\/uploads\/2026\/04\/PISCINA-AMPOSTA-4.jpeg\" alt=\"\" class=\"wp-image-755\" style=\"aspect-ratio:3\/4;object-fit:cover\" srcset=\"https:\/\/ironstage.org\/wp-content\/uploads\/2026\/04\/PISCINA-AMPOSTA-4.jpeg 629w, https:\/\/ironstage.org\/wp-content\/uploads\/2026\/04\/PISCINA-AMPOSTA-4-253x300.jpeg 253w, https:\/\/ironstage.org\/wp-content\/uploads\/2026\/04\/PISCINA-AMPOSTA-4-600x712.jpeg 600w\" sizes=\"auto, (max-width: 629px) 100vw, 629px\" \/><\/figure>\n<\/div>\n\n\n\n<div class=\"wp-block-column ext-animate--on is-layout-flow wp-block-column-is-layout-flow\">\n<figure class=\"wp-block-image size-full is-style-ext-preset-image-natural-1-image-1--content-bottom is-style-ext-preset--image--natural-1--image-1--content-bottom ext-animate--on is-style-ext-preset--image--natural-1--image-1--content-bottom--3\"><img loading=\"lazy\" decoding=\"async\" width=\"1031\" height=\"604\" src=\"https:\/\/ironstage.org\/wp-content\/uploads\/2026\/04\/WhatsApp-Image-2026-04-13-at-10.23.47-12.jpeg\" alt=\"\" class=\"wp-image-748\" style=\"aspect-ratio:3\/4;object-fit:cover\" srcset=\"https:\/\/ironstage.org\/wp-content\/uploads\/2026\/04\/WhatsApp-Image-2026-04-13-at-10.23.47-12.jpeg 1031w, https:\/\/ironstage.org\/wp-content\/uploads\/2026\/04\/WhatsApp-Image-2026-04-13-at-10.23.47-12-300x176.jpeg 300w, https:\/\/ironstage.org\/wp-content\/uploads\/2026\/04\/WhatsApp-Image-2026-04-13-at-10.23.47-12-1024x600.jpeg 1024w, https:\/\/ironstage.org\/wp-content\/uploads\/2026\/04\/WhatsApp-Image-2026-04-13-at-10.23.47-12-768x450.jpeg 768w, https:\/\/ironstage.org\/wp-content\/uploads\/2026\/04\/WhatsApp-Image-2026-04-13-at-10.23.47-12-600x352.jpeg 600w\" sizes=\"auto, (max-width: 1031px) 100vw, 1031px\" \/><\/figure>\n<\/div>\n\n\n\n<div class=\"wp-block-column ext-animate--on is-layout-flow wp-block-column-is-layout-flow\">\n<figure class=\"wp-block-image size-full is-style-ext-preset-image-natural-1-image-1--content-bottom is-style-ext-preset--image--natural-1--image-1--content-bottom ext-animate--on is-style-ext-preset--image--natural-1--image-1--content-bottom--4\"><img loading=\"lazy\" decoding=\"async\" width=\"936\" height=\"595\" src=\"https:\/\/ironstage.org\/wp-content\/uploads\/2026\/04\/WhatsApp-Image-2026-04-24-at-23.16.17-2.jpeg\" alt=\"\" class=\"wp-image-740\" style=\"aspect-ratio:3\/4;object-fit:cover\" srcset=\"https:\/\/ironstage.org\/wp-content\/uploads\/2026\/04\/WhatsApp-Image-2026-04-24-at-23.16.17-2.jpeg 936w, https:\/\/ironstage.org\/wp-content\/uploads\/2026\/04\/WhatsApp-Image-2026-04-24-at-23.16.17-2-300x191.jpeg 300w, https:\/\/ironstage.org\/wp-content\/uploads\/2026\/04\/WhatsApp-Image-2026-04-24-at-23.16.17-2-768x488.jpeg 768w, https:\/\/ironstage.org\/wp-content\/uploads\/2026\/04\/WhatsApp-Image-2026-04-24-at-23.16.17-2-600x381.jpeg 600w\" sizes=\"auto, (max-width: 936px) 100vw, 936px\" \/><\/figure>\n<\/div>\n<\/div>\n\n\n\n<div class=\"wp-block-group alignwide ext-is-logical-start ext-animate--on has-global-padding is-content-justification-left is-layout-constrained wp-container-core-group-is-layout-6729bdbe wp-block-group-is-layout-constrained\">\n<p class=\"ext-animate--on\"><strong>Precio: 199 \u20ac<\/strong><\/p>\n\n\n\n<p class=\"ext-animate--on\">\u26a0\ufe0f<strong> Plazas limitadas<\/strong><\/p>\n\n\n\n<p class=\"ext-animate--on\"><strong>Si tienes un Ironman en mente\u2026 este es el punto donde todo encaja. <\/strong>\ud83d\udd25<\/p>\n\n\n\n<div class=\"wp-block-buttons alignwide ext-animate--on is-content-justification-center is-layout-flex wp-container-core-buttons-is-layout-72caf8c6 wp-block-buttons-is-layout-flex\">\n<div class=\"wp-block-button is-style-outline ext-animate--on is-style-outline--5\"><a class=\"wp-block-button__link wp-element-button\" href=\"https:\/\/ironstage.org\/ca\/reserva\/\"><strong><mark style=\"background-color:rgba(0, 0, 0, 0)\" class=\"has-inline-color has-foreground-alt-color\">RESERVA<\/mark> AHORA!<\/strong><\/a><\/div>\n<\/div>\n<\/div>\n\n\n\n<div class=\"wp-block-group alignwide is-style-ext-preset--group--natural-1--section ext-animate--on has-background-background-color has-background has-global-padding is-layout-constrained wp-container-core-group-is-layout-e955bbaf wp-block-group-is-layout-constrained is-style-ext-preset--group--natural-1--section--6\" style=\"margin-top:0;margin-bottom:0;padding-top:var(--wp--preset--spacing--70);padding-bottom:var(--wp--preset--spacing--70)\">\n<div class=\"wp-block-columns alignwide ext-animate--on is-layout-flex wp-container-core-columns-is-layout-08c01c1c wp-block-columns-is-layout-flex\">\n<div class=\"wp-block-column is-vertically-aligned-stretch ext-animate--on is-layout-flow wp-container-core-column-is-layout-f5bb311e wp-block-column-is-layout-flow\">\n<div class=\"wp-block-group is-style-ext-preset--group--natural-1--item-card-1--align-start ext-animate--on has-global-padding is-layout-constrained wp-block-group-is-layout-constrained is-style-ext-preset--group--natural-1--item-card-1--align-start--7\">\n<div class=\"wp-block-group is-style-default ext-animate--on has-global-padding is-layout-constrained wp-block-group-is-layout-constrained\">\n<figure class=\"wp-block-image aligncenter size-full is-resized ext-aspect-landscape ext-animate--on is-style-ext-preset--image--brutalism-1--image-1--content-any wp-duotone-unset-9 is-style-ext-preset--image--brutalism-1--image-1--content-any--8\"><img loading=\"lazy\" decoding=\"async\" width=\"745\" height=\"744\" src=\"https:\/\/ironstage.org\/wp-content\/uploads\/2026\/04\/WhatsApp-Image-2026-04-24-at-19.33.56-3.jpeg\" alt=\"\" class=\"wp-image-517\" style=\"aspect-ratio:1.0013722613921354;object-fit:cover;width:73px;height:auto\"\/><\/figure>\n\n\n\n<h3 class=\"wp-block-heading ext-animate--on\">INCLUYE:<\/h3>\n\n\n\n<p class=\"ext-animate--on\">\u2714\ufe0f Alojamiento en habitaci\u00f3n doble o triple (seg\u00fan disponibilidad).<br>\u2714\ufe0f Pensi\u00f3n completa (desde la comida del viernes hasta el desayuno del domingo).<br>\u2714\ufe0f Desayuno, comida y cena incluidos.<br>\u2714\ufe0f Acceso completo a instalaciones deportivas.<br>\ud83c\udfca Piscina.<br>\ud83c\udfc3 Pista de atletismo.<br>\ud83d\udeb4 Espacios espec\u00edficos para entrenamientos.                                              \ud83d\udc55 Maillot exclusivo de esta edici\u00f3n (incluido para inscripciones realizadas antes del 1 de junio).<br>\ud83d\udcf2 Circuitos de bici compartidos v\u00eda grupo privado de WhatsApp (Strava).<br>\ud83c\udfa4 Charla t\u00e9cnica: c\u00f3mo preparar un Ironman antes y durante la prueba.<\/p>\n<\/div>\n<\/div>\n<\/div>\n\n\n\n<div class=\"wp-block-column is-vertically-aligned-stretch ext-animate--on is-layout-flow wp-container-core-column-is-layout-f5bb311e wp-block-column-is-layout-flow\">\n<div class=\"wp-block-group is-style-ext-preset--group--natural-1--item-card-1--align-start ext-animate--on has-global-padding is-layout-constrained wp-block-group-is-layout-constrained is-style-ext-preset--group--natural-1--item-card-1--align-start--10\">\n<div class=\"wp-block-group is-style-default ext-animate--on has-global-padding is-layout-constrained wp-block-group-is-layout-constrained\">\n<figure class=\"wp-block-image aligncenter size-full is-resized ext-aspect-landscape ext-animate--on is-style-ext-preset--image--brutalism-1--image-1--content-any is-style-ext-preset--image--brutalism-1--image-1--content-any--11\"><img loading=\"lazy\" decoding=\"async\" width=\"745\" height=\"744\" src=\"https:\/\/ironstage.org\/wp-content\/uploads\/2026\/04\/WhatsApp-Image-2026-04-24-at-19.33.56-3.jpeg\" alt=\"\" class=\"wp-image-517\" style=\"aspect-ratio:1.0013721964606794;width:72px;height:auto\"\/><\/figure>\n\n\n\n<h3 class=\"wp-block-heading ext-animate--on\">NO INCLIUYE:<\/h3>\n\n\n\n<p class=\"ext-animate--on\">Traslados hasta Amposta<\/p>\n\n\n\n<p class=\"ext-animate--on\">Desplazamientos internos<\/p>\n\n\n\n<p class=\"ext-animate--on\">Gastos extras<\/p>\n\n\n\n<p class=\"ext-animate--on\">Comida final del domingo (opcional, en restaurante de la zona por confirmar)<\/p>\n<\/div>\n<\/div>\n<\/div>\n\n\n\n<div class=\"wp-block-column is-vertically-aligned-stretch ext-animate--on is-layout-flow wp-container-core-column-is-layout-f5bb311e wp-block-column-is-layout-flow\">\n<div class=\"wp-block-group is-style-ext-preset--group--natural-1--item-card-1--align-start ext-animate--on has-global-padding is-layout-constrained wp-block-group-is-layout-constrained is-style-ext-preset--group--natural-1--item-card-1--align-start--12\">\n<div class=\"wp-block-group is-style-default ext-animate--on has-global-padding is-layout-constrained wp-block-group-is-layout-constrained\">\n<figure class=\"wp-block-image aligncenter size-full is-resized ext-aspect-landscape ext-animate--on is-style-ext-preset--image--brutalism-1--image-1--content-any is-style-ext-preset--image--brutalism-1--image-1--content-any--13\"><img loading=\"lazy\" decoding=\"async\" width=\"745\" height=\"744\" src=\"https:\/\/ironstage.org\/wp-content\/uploads\/2026\/04\/WhatsApp-Image-2026-04-24-at-19.33.56-3.jpeg\" alt=\"\" class=\"wp-image-517\" style=\"aspect-ratio:1.0013721964606794;width:72px;height:auto\"\/><\/figure>\n\n\n\n<h3 class=\"wp-block-heading ext-animate--on\">PROGRAMA DE ENTRENAMIENTO:<\/h3>\n\n\n\n<p class=\"ext-animate--on\">Viernes<br>\ud83d\udd59 10:00 \u2013 Llegada y presentaci\u00f3n del stage<br>\ud83d\udeb4\u200d\u2642\ufe0f Salida en bici suave de activaci\u00f3n<br>\ud83c\udf7d\ufe0f Comida<br>Descanso<br>\ud83c\udfc3\u200d\u2642\ufe0f Sesi\u00f3n de carrera en pista por la tarde<\/p>\n\n\n\n<p class=\"ext-animate--on\">S\u00e1bado<br>\ud83d\udeb4\u200d\u2642\ufe0f\ud83c\udfc3\u200d\u2642\ufe0f T2 (bicicleta + transici\u00f3n a carrera)<br>\ud83c\udfca\u200d\u2642\ufe0f Sesi\u00f3n de nataci\u00f3n t\u00e9cnica<br>\ud83c\udfa4 Charla t\u00e9cnica por la tarde<\/p>\n\n\n\n<p class=\"ext-animate--on\">Domingo<br>Desayuno<br>\ud83c\udfca\u200d\u2642\ufe0f\ud83d\udeb4\u200d\u2642\ufe0f T1 (nataci\u00f3n + transici\u00f3n a bicicleta)<br>Cierre de stage<br>\ud83c\udf7d\ufe0f Comida opcional de grupo para cerrar el fin de semana<\/p>\n<\/div>\n<\/div>\n<\/div>\n<\/div>\n<\/div>\n<\/div>","protected":false},"excerpt":{"rendered":"<p>Descubre todos los detalles sobre el Training Camp en Amposta organizado por IRONSTAGE. Explora c\u00f3mo nuestro campamento en Amposta combina actividades deportivas, instalaciones de primer nivel y un equipo comprometido para ofrecer una experiencia \u00fanica que impulsa tu rendimiento y pasi\u00f3n por el deporte. Si tienes un Ironman en mente\u2026 este es el punto donde [&hellip;]<\/p>\n","protected":false},"author":1,"featured_media":0,"parent":0,"menu_order":0,"comment_status":"closed","ping_status":"closed","template":"page-with-title","meta":{"footnotes":""},"class_list":["post-338","page","type-page","status-publish","hentry"],"_links":{"self":[{"href":"https:\/\/ironstage.org\/ca\/wp-json\/wp\/v2\/pages\/338","targetHints":{"allow":["GET"]}}],"collection":[{"href":"https:\/\/ironstage.org\/ca\/wp-json\/wp\/v2\/pages"}],"about":[{"href":"https:\/\/ironstage.org\/ca\/wp-json\/wp\/v2\/types\/page"}],"author":[{"embeddable":true,"href":"https:\/\/ironstage.org\/ca\/wp-json\/wp\/v2\/users\/1"}],"replies":[{"embeddable":true,"href":"https:\/\/ironstage.org\/ca\/wp-json\/wp\/v2\/comments?post=338"}],"version-history":[{"count":174,"href":"https:\/\/ironstage.org\/ca\/wp-json\/wp\/v2\/pages\/338\/revisions"}],"predecessor-version":[{"id":770,"href":"https:\/\/ironstage.org\/ca\/wp-json\/wp\/v2\/pages\/338\/revisions\/770"}],"wp:attachment":[{"href":"https:\/\/ironstage.org\/ca\/wp-json\/wp\/v2\/media?parent=338"}],"curies":[{"name":"wp","href":"https:\/\/api.w.org\/{rel}","templated":true}]}}