{"id":31,"date":"2026-04-19T16:06:47","date_gmt":"2026-04-19T16:06:47","guid":{"rendered":"https:\/\/ironstage.org\/sobre\/"},"modified":"2026-04-25T20:05:06","modified_gmt":"2026-04-25T20:05:06","slug":"sobre","status":"publish","type":"page","link":"https:\/\/ironstage.org\/ca\/sobre\/","title":{"rendered":"Sobre nosotros"},"content":{"rendered":"<div class=\"wp-block-group alignwide is-style-ext-preset--group--natural-1--section has-background-background-color has-background has-global-padding is-layout-constrained wp-block-group-is-layout-constrained is-style-ext-preset--group--natural-1--section--1\" id=\"acerca-de\" style=\"margin-top:0;margin-bottom:0;padding-top:var(--wp--preset--spacing--70);padding-bottom:var(--wp--preset--spacing--70)\">\n<h2 class=\"wp-block-heading has-text-align-center ext-animate--on\">En IRONSTAGE, nuestra pasi\u00f3n es potenciar triatletas hacia sus metas m\u00e1s ambiciosas.<\/h2>\n\n\n\n<p class=\"has-text-align-center ext-animate--on\" style=\"margin-top:1.5rem\">IRONSTAGE es una marca especializada en training camps y experiencias de triatl\u00f3n, enfocadas en la preparaci\u00f3n de competiciones de media y larga distancia (70.3 y Ironman).                                                                                            A trav\u00e9s de entrenamientos estructurados, simulaciones reales de carrera y trabajo espec\u00edfico de estrategia, ayudamos a triatletas a llegar mejor preparados, no solo a nivel f\u00edsico, sino tambi\u00e9n mental, desarrollando la confianza, la gesti\u00f3n del esfuerzo y la toma de decisiones clave el d\u00eda de la prueba.<\/p>\n\n\n\n<p class=\"has-text-align-center ext-animate--on\" style=\"margin-top:1.5rem\"><strong><mark style=\"background-color:#3B2B53\" class=\"has-inline-color has-tertiary-color\">Porque en larga distancia, no solo gana el m\u00e1s fuerte\u2026 sino el que mejor ejecuta.<\/mark><\/strong><\/p>\n<\/div>\n\n\n\n<div class=\"wp-block-group alignfull ext-hero-section is-style-ext-preset--group--natural-1--section ext-animate--on has-background-background-color has-background has-global-padding is-layout-constrained wp-block-group-is-layout-constrained is-style-ext-preset--group--natural-1--section--2\" style=\"margin-top:0;margin-bottom:0;padding-top:var(--wp--preset--spacing--50);padding-bottom:var(--wp--preset--spacing--70)\">\n<div class=\"wp-block-columns alignwide are-vertically-aligned-center ext-animate--on is-layout-flex wp-container-core-columns-is-layout-174606dc wp-block-columns-is-layout-flex\">\n<div class=\"wp-block-column is-vertically-aligned-center ext-animate--on is-layout-flow wp-block-column-is-layout-flow\" style=\"flex-basis:60%\">\n<h1 class=\"wp-block-heading ext-animate--on\">Nuestro entrenador<\/h1>\n\n\n\n<p class=\"ext-animate--on\"><strong><mark style=\"background-color:#1D142B\" class=\"has-inline-color has-tertiary-color\">John Galindo Rooney<\/mark><\/strong><\/p>\n\n\n\n<p class=\"ext-animate--on\"><strong>Entrenador nacional de triatl\u00f3n y nataci\u00f3n, especialista en larga distancia.<\/strong><\/p>\n\n\n\n<p class=\"ext-animate--on\" style=\"margin-top:1.5rem\">Finisher en m\u00e1s de 30 pruebas de distancia Ironman, saliendo habitualmente del agua en primeras posiciones, con una mejor marca personal de 8h36, y clasificado en varias ocasiones para el Ironman World Championship (Kona).<\/p>\n\n\n\n<p class=\"ext-animate--on\">Actualmente es entrenador del Club Nataci\u00f3n Calella en su secci\u00f3n de triatl\u00f3n, labor que compagina con entrenamientos personales y la direcci\u00f3n de IRONSTAGE, desde donde organiza training camps por toda Espa\u00f1a.<\/p>\n\n\n\n<p class=\"ext-animate--on\">Apasionado del triatl\u00f3n, transmite su experiencia y conocimiento ayudando a otros deportistas a alcanzar su mejor rendimiento.<\/p>\n\n\n\n<ul class=\"wp-block-social-links ext-animate--on is-layout-flex wp-block-social-links-is-layout-flex\"><li class=\"wp-social-link wp-social-link-instagram  ext-animate--on wp-block-social-link\"><a href=\"https:\/\/@johngalindo78\" class=\"wp-block-social-link-anchor\"><svg width=\"24\" height=\"24\" viewbox=\"0 0 24 24\" version=\"1.1\" xmlns=\"http:\/\/www.w3.org\/2000\/svg\" aria-hidden=\"true\" focusable=\"false\"><path d=\"M12,4.622c2.403,0,2.688,0.009,3.637,0.052c0.877,0.04,1.354,0.187,1.671,0.31c0.42,0.163,0.72,0.358,1.035,0.673 c0.315,0.315,0.51,0.615,0.673,1.035c0.123,0.317,0.27,0.794,0.31,1.671c0.043,0.949,0.052,1.234,0.052,3.637 s-0.009,2.688-0.052,3.637c-0.04,0.877-0.187,1.354-0.31,1.671c-0.163,0.42-0.358,0.72-0.673,1.035 c-0.315,0.315-0.615,0.51-1.035,0.673c-0.317,0.123-0.794,0.27-1.671,0.31c-0.949,0.043-1.233,0.052-3.637,0.052 s-2.688-0.009-3.637-0.052c-0.877-0.04-1.354-0.187-1.671-0.31c-0.42-0.163-0.72-0.358-1.035-0.673 c-0.315-0.315-0.51-0.615-0.673-1.035c-0.123-0.317-0.27-0.794-0.31-1.671C4.631,14.688,4.622,14.403,4.622,12 s0.009-2.688,0.052-3.637c0.04-0.877,0.187-1.354,0.31-1.671c0.163-0.42,0.358-0.72,0.673-1.035 c0.315-0.315,0.615-0.51,1.035-0.673c0.317-0.123,0.794-0.27,1.671-0.31C9.312,4.631,9.597,4.622,12,4.622 M12,3 C9.556,3,9.249,3.01,8.289,3.054C7.331,3.098,6.677,3.25,6.105,3.472C5.513,3.702,5.011,4.01,4.511,4.511 c-0.5,0.5-0.808,1.002-1.038,1.594C3.25,6.677,3.098,7.331,3.054,8.289C3.01,9.249,3,9.556,3,12c0,2.444,0.01,2.751,0.054,3.711 c0.044,0.958,0.196,1.612,0.418,2.185c0.23,0.592,0.538,1.094,1.038,1.594c0.5,0.5,1.002,0.808,1.594,1.038 c0.572,0.222,1.227,0.375,2.185,0.418C9.249,20.99,9.556,21,12,21s2.751-0.01,3.711-0.054c0.958-0.044,1.612-0.196,2.185-0.418 c0.592-0.23,1.094-0.538,1.594-1.038c0.5-0.5,0.808-1.002,1.038-1.594c0.222-0.572,0.375-1.227,0.418-2.185 C20.99,14.751,21,14.444,21,12s-0.01-2.751-0.054-3.711c-0.044-0.958-0.196-1.612-0.418-2.185c-0.23-0.592-0.538-1.094-1.038-1.594 c-0.5-0.5-1.002-0.808-1.594-1.038c-0.572-0.222-1.227-0.375-2.185-0.418C14.751,3.01,14.444,3,12,3L12,3z M12,7.378 c-2.552,0-4.622,2.069-4.622,4.622S9.448,16.622,12,16.622s4.622-2.069,4.622-4.622S14.552,7.378,12,7.378z M12,15 c-1.657,0-3-1.343-3-3s1.343-3,3-3s3,1.343,3,3S13.657,15,12,15z M16.804,6.116c-0.596,0-1.08,0.484-1.08,1.08 s0.484,1.08,1.08,1.08c0.596,0,1.08-0.484,1.08-1.08S17.401,6.116,16.804,6.116z\"><\/path><\/svg><span class=\"wp-block-social-link-label screen-reader-text\">Instagram<\/span><\/a><\/li>\n\n<li class=\"wp-social-link wp-social-link-mail  ext-animate--on wp-block-social-link\"><a href=\"mailto:&#106;&#111;&#104;n&#103;a&#108;&#105;&#110;&#100;&#111;&#055;&#056;&#064;g&#109;&#097;i&#108;.c&#111;&#109;\" class=\"wp-block-social-link-anchor\"><svg width=\"24\" height=\"24\" viewbox=\"0 0 24 24\" version=\"1.1\" xmlns=\"http:\/\/www.w3.org\/2000\/svg\" aria-hidden=\"true\" focusable=\"false\"><path d=\"M19,5H5c-1.1,0-2,.9-2,2v10c0,1.1.9,2,2,2h14c1.1,0,2-.9,2-2V7c0-1.1-.9-2-2-2zm.5,12c0,.3-.2.5-.5.5H5c-.3,0-.5-.2-.5-.5V9.8l7.5,5.6,7.5-5.6V17zm0-9.1L12,13.6,4.5,7.9V7c0-.3.2-.5.5-.5h14c.3,0,.5.2.5.5v.9z\"><\/path><\/svg><span class=\"wp-block-social-link-label screen-reader-text\">Correu electr\u00f2nic<\/span><\/a><\/li>\n\n<li class=\"wp-social-link wp-social-link-whatsapp  ext-animate--on wp-block-social-link\"><a href=\"https:\/\/+34%20691475384\" class=\"wp-block-social-link-anchor\"><svg width=\"24\" height=\"24\" viewbox=\"0 0 24 24\" version=\"1.1\" xmlns=\"http:\/\/www.w3.org\/2000\/svg\" aria-hidden=\"true\" focusable=\"false\"><path d=\"M 12.011719 2 C 6.5057187 2 2.0234844 6.478375 2.0214844 11.984375 C 2.0204844 13.744375 2.4814687 15.462563 3.3554688 16.976562 L 2 22 L 7.2324219 20.763672 C 8.6914219 21.559672 10.333859 21.977516 12.005859 21.978516 L 12.009766 21.978516 C 17.514766 21.978516 21.995047 17.499141 21.998047 11.994141 C 22.000047 9.3251406 20.962172 6.8157344 19.076172 4.9277344 C 17.190172 3.0407344 14.683719 2.001 12.011719 2 z M 12.009766 4 C 14.145766 4.001 16.153109 4.8337969 17.662109 6.3417969 C 19.171109 7.8517969 20.000047 9.8581875 19.998047 11.992188 C 19.996047 16.396187 16.413812 19.978516 12.007812 19.978516 C 10.674812 19.977516 9.3544062 19.642812 8.1914062 19.007812 L 7.5175781 18.640625 L 6.7734375 18.816406 L 4.8046875 19.28125 L 5.2851562 17.496094 L 5.5019531 16.695312 L 5.0878906 15.976562 C 4.3898906 14.768562 4.0204844 13.387375 4.0214844 11.984375 C 4.0234844 7.582375 7.6067656 4 12.009766 4 z M 8.4765625 7.375 C 8.3095625 7.375 8.0395469 7.4375 7.8105469 7.6875 C 7.5815469 7.9365 6.9355469 8.5395781 6.9355469 9.7675781 C 6.9355469 10.995578 7.8300781 12.182609 7.9550781 12.349609 C 8.0790781 12.515609 9.68175 15.115234 12.21875 16.115234 C 14.32675 16.946234 14.754891 16.782234 15.212891 16.740234 C 15.670891 16.699234 16.690438 16.137687 16.898438 15.554688 C 17.106437 14.971687 17.106922 14.470187 17.044922 14.367188 C 16.982922 14.263188 16.816406 14.201172 16.566406 14.076172 C 16.317406 13.951172 15.090328 13.348625 14.861328 13.265625 C 14.632328 13.182625 14.464828 13.140625 14.298828 13.390625 C 14.132828 13.640625 13.655766 14.201187 13.509766 14.367188 C 13.363766 14.534188 13.21875 14.556641 12.96875 14.431641 C 12.71875 14.305641 11.914938 14.041406 10.960938 13.191406 C 10.218937 12.530406 9.7182656 11.714844 9.5722656 11.464844 C 9.4272656 11.215844 9.5585938 11.079078 9.6835938 10.955078 C 9.7955938 10.843078 9.9316406 10.663578 10.056641 10.517578 C 10.180641 10.371578 10.223641 10.267562 10.306641 10.101562 C 10.389641 9.9355625 10.347156 9.7890625 10.285156 9.6640625 C 10.223156 9.5390625 9.737625 8.3065 9.515625 7.8125 C 9.328625 7.3975 9.131125 7.3878594 8.953125 7.3808594 C 8.808125 7.3748594 8.6425625 7.375 8.4765625 7.375 z\"><\/path><\/svg><span class=\"wp-block-social-link-label screen-reader-text\">WhatsApp<\/span><\/a><\/li><\/ul>\n<\/div>\n\n\n\n<div class=\"wp-block-column is-vertically-aligned-center ext-animate--on is-layout-flow wp-block-column-is-layout-flow\">\n<div class=\"wp-block-columns ext-animate--on is-layout-flex wp-container-core-columns-is-layout-13e2ef3f wp-block-columns-is-layout-flex\">\n<div class=\"wp-block-column ext-animate--on is-layout-flow wp-container-core-column-is-layout-fa5f7abe wp-block-column-is-layout-flow\" style=\"padding-top:var(--wp--preset--spacing--60)\">\n<figure class=\"wp-block-image size-full is-style-ext-preset--image--natural-1--image-1--content-bottom ext-animate--on is-style-ext-preset--image--natural-1--image-1--content-bottom--3\"><img loading=\"lazy\" decoding=\"async\" width=\"451\" height=\"736\" src=\"https:\/\/ironstage.org\/wp-content\/uploads\/2026\/04\/jjj-7.jpeg\" alt=\"\" class=\"wp-image-933\" style=\"aspect-ratio:3\/4;object-fit:cover\" srcset=\"https:\/\/ironstage.org\/wp-content\/uploads\/2026\/04\/jjj-7.jpeg 451w, https:\/\/ironstage.org\/wp-content\/uploads\/2026\/04\/jjj-7-184x300.jpeg 184w\" sizes=\"auto, (max-width: 451px) 100vw, 451px\" \/><\/figure>\n\n\n\n<figure class=\"wp-block-image size-large is-style-ext-preset--image--natural-1--image-1--content-top ext-animate--on is-style-ext-preset--image--natural-1--image-1--content-top--4\"><img loading=\"lazy\" decoding=\"async\" width=\"682\" height=\"1024\" src=\"https:\/\/ironstage.org\/wp-content\/uploads\/2026\/04\/WhatsApp-Image-2026-04-25-at-00.20.25-3-682x1024.jpeg\" alt=\"\" class=\"wp-image-946\" style=\"aspect-ratio:3\/4;object-fit:cover\" srcset=\"https:\/\/ironstage.org\/wp-content\/uploads\/2026\/04\/WhatsApp-Image-2026-04-25-at-00.20.25-3-682x1024.jpeg 682w, https:\/\/ironstage.org\/wp-content\/uploads\/2026\/04\/WhatsApp-Image-2026-04-25-at-00.20.25-3-200x300.jpeg 200w, https:\/\/ironstage.org\/wp-content\/uploads\/2026\/04\/WhatsApp-Image-2026-04-25-at-00.20.25-3-768x1153.jpeg 768w, https:\/\/ironstage.org\/wp-content\/uploads\/2026\/04\/WhatsApp-Image-2026-04-25-at-00.20.25-3-1023x1536.jpeg 1023w, https:\/\/ironstage.org\/wp-content\/uploads\/2026\/04\/WhatsApp-Image-2026-04-25-at-00.20.25-3-600x901.jpeg 600w, https:\/\/ironstage.org\/wp-content\/uploads\/2026\/04\/WhatsApp-Image-2026-04-25-at-00.20.25-3.jpeg 1066w\" sizes=\"auto, (max-width: 682px) 100vw, 682px\" \/><\/figure>\n<\/div>\n\n\n\n<div class=\"wp-block-column ext-animate--on is-layout-flow wp-container-core-column-is-layout-8eebadab wp-block-column-is-layout-flow\">\n<figure class=\"wp-block-image size-large is-style-ext-preset--image--natural-1--image-1--content-bottom ext-animate--on is-style-ext-preset--image--natural-1--image-1--content-bottom--5\"><img loading=\"lazy\" decoding=\"async\" width=\"681\" height=\"1024\" src=\"https:\/\/ironstage.org\/wp-content\/uploads\/2026\/04\/WhatsApp-Image-2026-04-24-at-23.53.36-681x1024.jpeg\" alt=\"\" class=\"wp-image-935\" style=\"aspect-ratio:3\/4;object-fit:cover\" srcset=\"https:\/\/ironstage.org\/wp-content\/uploads\/2026\/04\/WhatsApp-Image-2026-04-24-at-23.53.36-681x1024.jpeg 681w, https:\/\/ironstage.org\/wp-content\/uploads\/2026\/04\/WhatsApp-Image-2026-04-24-at-23.53.36-200x300.jpeg 200w, https:\/\/ironstage.org\/wp-content\/uploads\/2026\/04\/WhatsApp-Image-2026-04-24-at-23.53.36-768x1155.jpeg 768w, https:\/\/ironstage.org\/wp-content\/uploads\/2026\/04\/WhatsApp-Image-2026-04-24-at-23.53.36-1021x1536.jpeg 1021w, https:\/\/ironstage.org\/wp-content\/uploads\/2026\/04\/WhatsApp-Image-2026-04-24-at-23.53.36-600x902.jpeg 600w, https:\/\/ironstage.org\/wp-content\/uploads\/2026\/04\/WhatsApp-Image-2026-04-24-at-23.53.36.jpeg 1064w\" sizes=\"auto, (max-width: 681px) 100vw, 681px\" \/><\/figure>\n\n\n\n<figure class=\"wp-block-image size-large is-style-ext-preset--image--natural-1--image-1--content-top ext-animate--on is-style-ext-preset--image--natural-1--image-1--content-top--6\"><img loading=\"lazy\" decoding=\"async\" width=\"682\" height=\"1024\" src=\"https:\/\/ironstage.org\/wp-content\/uploads\/2026\/04\/WhatsApp-Image-2026-04-25-at-00.18.27-1-682x1024.jpeg\" alt=\"\" class=\"wp-image-941\" style=\"aspect-ratio:3\/4;object-fit:cover\" srcset=\"https:\/\/ironstage.org\/wp-content\/uploads\/2026\/04\/WhatsApp-Image-2026-04-25-at-00.18.27-1-682x1024.jpeg 682w, https:\/\/ironstage.org\/wp-content\/uploads\/2026\/04\/WhatsApp-Image-2026-04-25-at-00.18.27-1-200x300.jpeg 200w, https:\/\/ironstage.org\/wp-content\/uploads\/2026\/04\/WhatsApp-Image-2026-04-25-at-00.18.27-1-768x1153.jpeg 768w, https:\/\/ironstage.org\/wp-content\/uploads\/2026\/04\/WhatsApp-Image-2026-04-25-at-00.18.27-1-1023x1536.jpeg 1023w, https:\/\/ironstage.org\/wp-content\/uploads\/2026\/04\/WhatsApp-Image-2026-04-25-at-00.18.27-1-600x901.jpeg 600w, https:\/\/ironstage.org\/wp-content\/uploads\/2026\/04\/WhatsApp-Image-2026-04-25-at-00.18.27-1.jpeg 1066w\" sizes=\"auto, (max-width: 682px) 100vw, 682px\" \/><\/figure>\n<\/div>\n<\/div>\n<\/div>\n<\/div>\n<\/div>","protected":false},"excerpt":{"rendered":"<p>En IRONSTAGE, nuestra pasi\u00f3n es potenciar triatletas hacia sus metas m\u00e1s ambiciosas. IRONSTAGE es una marca especializada en training camps y experiencias de triatl\u00f3n, enfocadas en la preparaci\u00f3n de competiciones de media y larga distancia (70.3 y Ironman). A trav\u00e9s de entrenamientos estructurados, simulaciones reales de carrera y trabajo espec\u00edfico de estrategia, ayudamos a triatletas [&hellip;]<\/p>\n","protected":false},"author":1,"featured_media":0,"parent":0,"menu_order":0,"comment_status":"closed","ping_status":"closed","template":"page-with-title","meta":{"footnotes":""},"class_list":["post-31","page","type-page","status-publish","hentry"],"_links":{"self":[{"href":"https:\/\/ironstage.org\/ca\/wp-json\/wp\/v2\/pages\/31","targetHints":{"allow":["GET"]}}],"collection":[{"href":"https:\/\/ironstage.org\/ca\/wp-json\/wp\/v2\/pages"}],"about":[{"href":"https:\/\/ironstage.org\/ca\/wp-json\/wp\/v2\/types\/page"}],"author":[{"embeddable":true,"href":"https:\/\/ironstage.org\/ca\/wp-json\/wp\/v2\/users\/1"}],"replies":[{"embeddable":true,"href":"https:\/\/ironstage.org\/ca\/wp-json\/wp\/v2\/comments?post=31"}],"version-history":[{"count":175,"href":"https:\/\/ironstage.org\/ca\/wp-json\/wp\/v2\/pages\/31\/revisions"}],"predecessor-version":[{"id":983,"href":"https:\/\/ironstage.org\/ca\/wp-json\/wp\/v2\/pages\/31\/revisions\/983"}],"wp:attachment":[{"href":"https:\/\/ironstage.org\/ca\/wp-json\/wp\/v2\/media?parent=31"}],"curies":[{"name":"wp","href":"https:\/\/api.w.org\/{rel}","templated":true}]}}