{"id":30,"date":"2026-04-19T16:06:47","date_gmt":"2026-04-19T16:06:47","guid":{"rendered":"https:\/\/ironstage.org\/inicio\/"},"modified":"2026-04-25T21:13:26","modified_gmt":"2026-04-25T21:13:26","slug":"inicio","status":"publish","type":"page","link":"https:\/\/ironstage.org\/ca\/","title":{"rendered":"Inicio"},"content":{"rendered":"<div class=\"wp-block-group alignfull ext-hero-section is-style-ext-preset--group--natural-1--section has-background-background-color has-background has-global-padding is-layout-constrained wp-container-core-group-is-layout-e96f6837 wp-block-group-is-layout-constrained is-style-ext-preset--group--natural-1--section--1\" style=\"margin-top:0;margin-bottom:0;padding-top:0;padding-right:0;padding-bottom:0;padding-left:0\">\n<div class=\"wp-block-cover alignfull is-light is-style-default\" style=\"padding-top:var(--wp--preset--spacing--70);padding-right:var(--wp--preset--spacing--30);padding-bottom:var(--wp--preset--spacing--70);padding-left:var(--wp--preset--spacing--30);min-height:60vh;aspect-ratio:unset;\"><img loading=\"lazy\" decoding=\"async\" width=\"1600\" height=\"1066\" class=\"wp-block-cover__image-background wp-image-814 size-full\" alt=\"\" src=\"https:\/\/ironstage.org\/wp-content\/uploads\/2026\/04\/WhatsApp-Image-2026-04-25-at-20.54.42.jpeg\" data-object-fit=\"cover\" srcset=\"https:\/\/ironstage.org\/wp-content\/uploads\/2026\/04\/WhatsApp-Image-2026-04-25-at-20.54.42.jpeg 1600w, https:\/\/ironstage.org\/wp-content\/uploads\/2026\/04\/WhatsApp-Image-2026-04-25-at-20.54.42-300x200.jpeg 300w, https:\/\/ironstage.org\/wp-content\/uploads\/2026\/04\/WhatsApp-Image-2026-04-25-at-20.54.42-1024x682.jpeg 1024w, https:\/\/ironstage.org\/wp-content\/uploads\/2026\/04\/WhatsApp-Image-2026-04-25-at-20.54.42-768x512.jpeg 768w, https:\/\/ironstage.org\/wp-content\/uploads\/2026\/04\/WhatsApp-Image-2026-04-25-at-20.54.42-1536x1023.jpeg 1536w, https:\/\/ironstage.org\/wp-content\/uploads\/2026\/04\/WhatsApp-Image-2026-04-25-at-20.54.42-600x400.jpeg 600w\" sizes=\"auto, (max-width: 1600px) 100vw, 1600px\" \/><span aria-hidden=\"true\" class=\"wp-block-cover__background has-background-dim-0 has-background-dim\" style=\"background-color:#010101\"><\/span><div class=\"wp-block-cover__inner-container has-global-padding is-layout-constrained wp-container-core-cover-is-layout-01ff2e39 wp-block-cover-is-layout-constrained\">\n<div class=\"wp-block-group alignwide is-style-ext-preset--group--natural-1--item-card-1--align-start has-foreground-color has-text-color has-background has-link-color wp-elements-496e3122a0fb2edc3a09437f47654706 has-global-padding is-layout-constrained wp-block-group-is-layout-constrained is-style-ext-preset--group--natural-1--item-card-1--align-start--2\" style=\"background-color:#ffffff00;padding-top:0;padding-bottom:0\">\n<div class=\"wp-block-cover alignwide is-light ext-animate--on\" style=\"padding-top:0;padding-right:0;padding-bottom:0;padding-left:0\"><span aria-hidden=\"true\" class=\"wp-block-cover__background has-background-background-color has-background-dim-90 has-background-dim\"><\/span><div class=\"wp-block-cover__inner-container has-global-padding is-layout-constrained wp-container-core-cover-is-layout-639b5052 wp-block-cover-is-layout-constrained\">\n<div class=\"wp-block-group alignwide is-style-default has-background is-vertical is-content-justification-center is-layout-flex wp-container-core-group-is-layout-8c83b79f wp-block-group-is-layout-flex\" style=\"background-color:#ffffff00;padding-top:var(--wp--preset--spacing--50);padding-right:var(--wp--preset--spacing--50);padding-bottom:var(--wp--preset--spacing--50);padding-left:var(--wp--preset--spacing--50)\">\n<h1 class=\"wp-block-heading has-text-align-center ext-animate--on has-foreground-color has-text-color has-link-color has-xx-large-font-size wp-elements-f3fba7df0d3f3b8667d4b844f16efac9\">Training camps exclusivos de triatl\u00f3n por toda Espa\u00f1a<\/h1>\n\n\n\n<p class=\"has-text-align-center ext-animate--on has-foreground-alt-color has-text-color has-link-color wp-elements-e688ec6158bde2260eefb675a689b8c0\" style=\"margin-top:24px;font-size:clamp(14px, 0.875rem + ((1vw - 3.2px) * 0.417), 18px);\">Prep\u00e1rate para alcanzar tu mejor rendimiento con nuestros campamentos y planes personalizados dise\u00f1ados para triatletas de todos los niveles. Descubre un entrenamiento profesional que transforma tu pasi\u00f3n en \u00e9xito.<\/p>\n\n\n\n<div class=\"wp-block-buttons ext-animate--on is-layout-flex wp-block-buttons-is-layout-flex\" style=\"margin-top:var(--wp--preset--spacing--30)\">\n<div class=\"wp-block-button is-style-ext-preset--button--natural-1--button-1 is-style-ext-preset--button--natural-1--button-1--3\"><a class=\"wp-block-button__link has-background-color has-primary-background-color has-text-color has-background has-link-color wp-element-button\" href=\"https:\/\/ironstage.org\/ca\/training-camps\/\">Descubre m\u00e1s<\/a><\/div>\n<\/div>\n<\/div>\n<\/div><\/div>\n<\/div>\n<\/div><\/div>\n<\/div>\n\n\n\n<div class=\"wp-block-group alignfull is-style-ext-preset--group--natural-1--section has-tertiary-background-color has-background has-global-padding is-layout-constrained wp-container-core-group-is-layout-843e5a6d wp-block-group-is-layout-constrained is-style-ext-preset--group--natural-1--section--4\" id=\"acerca-de\" style=\"margin-top:0;margin-bottom:0;padding-top:var(--wp--preset--spacing--70);padding-bottom:var(--wp--preset--spacing--70)\">\n<h2 class=\"wp-block-heading has-text-align-center ext-animate--on\">Potencia tu triatl\u00f3n con IronStage<\/h2>\n\n\n\n<p class=\"has-text-align-center ext-animate--on\" style=\"margin-top:1.5rem\">En IronStage, nos dedicamos a impulsar triatletas mediante campamentos y planes personalizados que transforman el entrenamiento en \u00e9xito.<\/p>\n\n\n\n<figure class=\"wp-block-image size-full is-resized is-style-ext-preset-image-natural-1-image-1--content-any is-style-ext-preset--image--natural-1--image-1--content-any ext-animate--on is-style-ext-preset--image--natural-1--image-1--content-any--5\"><img loading=\"lazy\" decoding=\"async\" width=\"1600\" height=\"1064\" src=\"https:\/\/ironstage.org\/wp-content\/uploads\/2026\/04\/WhatsApp-Image-2026-04-25-at-00.20.39.jpeg\" alt=\"\" class=\"wp-image-965\" style=\"aspect-ratio:1.7777777777777777;object-fit:cover;width:768px;height:auto\" srcset=\"https:\/\/ironstage.org\/wp-content\/uploads\/2026\/04\/WhatsApp-Image-2026-04-25-at-00.20.39.jpeg 1600w, https:\/\/ironstage.org\/wp-content\/uploads\/2026\/04\/WhatsApp-Image-2026-04-25-at-00.20.39-300x200.jpeg 300w, https:\/\/ironstage.org\/wp-content\/uploads\/2026\/04\/WhatsApp-Image-2026-04-25-at-00.20.39-1024x681.jpeg 1024w, https:\/\/ironstage.org\/wp-content\/uploads\/2026\/04\/WhatsApp-Image-2026-04-25-at-00.20.39-768x511.jpeg 768w, https:\/\/ironstage.org\/wp-content\/uploads\/2026\/04\/WhatsApp-Image-2026-04-25-at-00.20.39-1536x1021.jpeg 1536w, https:\/\/ironstage.org\/wp-content\/uploads\/2026\/04\/WhatsApp-Image-2026-04-25-at-00.20.39-600x399.jpeg 600w\" sizes=\"auto, (max-width: 1600px) 100vw, 1600px\" \/><\/figure>\n<\/div>","protected":false},"excerpt":{"rendered":"<p>Potencia tu triatl\u00f3n con IronStage En IronStage, nos dedicamos a impulsar triatletas mediante campamentos y planes personalizados que transforman el entrenamiento en \u00e9xito.<\/p>","protected":false},"author":1,"featured_media":0,"parent":0,"menu_order":0,"comment_status":"closed","ping_status":"closed","template":"no-title","meta":{"footnotes":""},"class_list":["post-30","page","type-page","status-publish","hentry"],"_links":{"self":[{"href":"https:\/\/ironstage.org\/ca\/wp-json\/wp\/v2\/pages\/30","targetHints":{"allow":["GET"]}}],"collection":[{"href":"https:\/\/ironstage.org\/ca\/wp-json\/wp\/v2\/pages"}],"about":[{"href":"https:\/\/ironstage.org\/ca\/wp-json\/wp\/v2\/types\/page"}],"author":[{"embeddable":true,"href":"https:\/\/ironstage.org\/ca\/wp-json\/wp\/v2\/users\/1"}],"replies":[{"embeddable":true,"href":"https:\/\/ironstage.org\/ca\/wp-json\/wp\/v2\/comments?post=30"}],"version-history":[{"count":44,"href":"https:\/\/ironstage.org\/ca\/wp-json\/wp\/v2\/pages\/30\/revisions"}],"predecessor-version":[{"id":1032,"href":"https:\/\/ironstage.org\/ca\/wp-json\/wp\/v2\/pages\/30\/revisions\/1032"}],"wp:attachment":[{"href":"https:\/\/ironstage.org\/ca\/wp-json\/wp\/v2\/media?parent=30"}],"curies":[{"name":"wp","href":"https:\/\/api.w.org\/{rel}","templated":true}]}}