{"id":279,"date":"2026-04-19T20:17:13","date_gmt":"2026-04-19T20:17:13","guid":{"rendered":"https:\/\/ironstage.org\/?page_id=279"},"modified":"2026-04-25T21:10:11","modified_gmt":"2026-04-25T21:10:11","slug":"training-camps","status":"publish","type":"page","link":"https:\/\/ironstage.org\/ca\/training-camps\/","title":{"rendered":"Training Camps"},"content":{"rendered":"<div class=\"wp-block-group alignfull is-style-ext-preset--group--natural-1--section ext-animate--on has-background-background-color has-background has-global-padding is-layout-constrained wp-container-core-group-is-layout-e955bbaf wp-block-group-is-layout-constrained is-style-ext-preset--group--natural-1--section--1\" style=\"margin-top:0;margin-bottom:0;padding-top:var(--wp--preset--spacing--70);padding-bottom:var(--wp--preset--spacing--70)\">\n<h2 class=\"wp-block-heading has-text-align-center ext-animate--on\">Training camps disponibles<\/h2>\n\n\n\n<p class=\"has-text-align-center ext-animate--on\" style=\"margin-top:1.5rem\">Descubre los campamentos de entrenamiento dise\u00f1ados para triatletas, ofreciendo experiencias \u00fanicas que potencian tu rendimiento y pasi\u00f3n por el deporte.<\/p>\n\n\n\n<div class=\"wp-block-buttons alignwide ext-animate--on is-content-justification-center is-layout-flex wp-container-core-buttons-is-layout-5b5683f2 wp-block-buttons-is-layout-flex\">\n<div class=\"wp-block-button ext-animate--on is-style-outline is-style-outline--2\"><a class=\"wp-block-button__link wp-element-button\" href=\"https:\/\/ironstage.org\/ca\/training-camp-amposta\/\">Training Camp Amposta<\/a><\/div>\n\n\n\n<div class=\"wp-block-button ext-animate--on is-style-outline is-style-outline--3\"><a class=\"wp-block-button__link has-text-align-center wp-element-button\" href=\"https:\/\/ironstage.org\/ca\/training-camp-lanzarote\/\">Training Camp Lanzarote<\/a><\/div>\n\n\n\n<div class=\"wp-block-button ext-animate--on is-style-outline is-style-outline--4\"><a class=\"wp-block-button__link wp-element-button\" href=\"https:\/\/ironstage.org\/ca\/training-camp-en-construccion\/\">En construcci\u00f3n<\/a><\/div>\n<\/div>\n\n\n\n<div class=\"wp-block-columns alignwide ext-animate--on is-layout-flex wp-container-core-columns-is-layout-08c01c1c wp-block-columns-is-layout-flex\">\n<div class=\"wp-block-column is-vertically-aligned-stretch ext-animate--on is-layout-flow wp-container-core-column-is-layout-f5bb311e wp-block-column-is-layout-flow\">\n<div class=\"wp-block-group is-style-ext-preset--group--natural-1--item-card-1--align-center ext-animate--on has-global-padding is-layout-constrained wp-block-group-is-layout-constrained is-style-ext-preset--group--natural-1--item-card-1--align-center--5\">\n<figure class=\"wp-block-image aligncenter size-large ext-aspect-landscape ext-animate--on\"><a href=\"https:\/\/ironstage.org\/ca\/training-camp-amposta\/\"><img loading=\"lazy\" decoding=\"async\" width=\"1024\" height=\"600\" src=\"https:\/\/ironstage.org\/wp-content\/uploads\/2026\/04\/WhatsApp-Image-2026-04-13-at-10.23.47-10-1024x600.jpeg\" alt=\"\" class=\"wp-image-295\" style=\"aspect-ratio:4\/3;object-fit:cover\" srcset=\"https:\/\/ironstage.org\/wp-content\/uploads\/2026\/04\/WhatsApp-Image-2026-04-13-at-10.23.47-10-1024x600.jpeg 1024w, https:\/\/ironstage.org\/wp-content\/uploads\/2026\/04\/WhatsApp-Image-2026-04-13-at-10.23.47-10-300x176.jpeg 300w, https:\/\/ironstage.org\/wp-content\/uploads\/2026\/04\/WhatsApp-Image-2026-04-13-at-10.23.47-10-768x450.jpeg 768w, https:\/\/ironstage.org\/wp-content\/uploads\/2026\/04\/WhatsApp-Image-2026-04-13-at-10.23.47-10-600x352.jpeg 600w, https:\/\/ironstage.org\/wp-content\/uploads\/2026\/04\/WhatsApp-Image-2026-04-13-at-10.23.47-10.jpeg 1031w\" sizes=\"auto, (max-width: 1024px) 100vw, 1024px\" \/><\/a><\/figure>\n\n\n\n<div class=\"wp-block-group is-style-default ext-animate--on has-global-padding is-layout-constrained wp-block-group-is-layout-constrained\">\n<h3 class=\"wp-block-heading has-text-align-center ext-animate--on\">Training Camp Amposta 2026 <\/h3>\n\n\n\n<p class=\"has-text-align-center ext-animate--on\">2 noches \/ 3 d\u00edas con sesiones de nataci\u00f3n, ciclismo, running y transiciones.<br>Incluye pensi\u00f3n completa + masterclass de nataci\u00f3n y estrategia de carrera con el entrenador John Galindo.<\/p>\n\n\n\n<p class=\"has-text-align-center ext-animate--on\">\ud83d\udccd Amposta (Delta del Ebre) \u00b7                     \ud83d\udcc5 11\u201313 septiembre \u00b7                                                   \u26a0\ufe0f Plazas limitada<\/p>\n<\/div>\n<\/div>\n<\/div>\n\n\n\n<div class=\"wp-block-column is-vertically-aligned-stretch ext-animate--on is-layout-flow wp-container-core-column-is-layout-f5bb311e wp-block-column-is-layout-flow\">\n<div class=\"wp-block-group is-style-ext-preset--group--natural-1--item-card-1--align-center ext-animate--on has-global-padding is-layout-constrained wp-block-group-is-layout-constrained is-style-ext-preset--group--natural-1--item-card-1--align-center--6\">\n<figure class=\"wp-block-image aligncenter size-large ext-aspect-landscape ext-animate--on\"><a href=\"https:\/\/ironstage.org\/ca\/training-camp-lanzarote\/\"><img loading=\"lazy\" decoding=\"async\" width=\"1024\" height=\"956\" src=\"https:\/\/ironstage.org\/wp-content\/uploads\/2026\/04\/WhatsApp-Image-2026-04-13-at-10.23.48-3-1024x956.jpeg\" alt=\"\" class=\"wp-image-299\" style=\"aspect-ratio:4\/3;object-fit:cover\" srcset=\"https:\/\/ironstage.org\/wp-content\/uploads\/2026\/04\/WhatsApp-Image-2026-04-13-at-10.23.48-3-1024x956.jpeg 1024w, https:\/\/ironstage.org\/wp-content\/uploads\/2026\/04\/WhatsApp-Image-2026-04-13-at-10.23.48-3-300x280.jpeg 300w, https:\/\/ironstage.org\/wp-content\/uploads\/2026\/04\/WhatsApp-Image-2026-04-13-at-10.23.48-3-768x717.jpeg 768w, https:\/\/ironstage.org\/wp-content\/uploads\/2026\/04\/WhatsApp-Image-2026-04-13-at-10.23.48-3-600x560.jpeg 600w, https:\/\/ironstage.org\/wp-content\/uploads\/2026\/04\/WhatsApp-Image-2026-04-13-at-10.23.48-3.jpeg 1161w\" sizes=\"auto, (max-width: 1024px) 100vw, 1024px\" \/><\/a><\/figure>\n\n\n\n<div class=\"wp-block-group is-style-default ext-animate--on has-global-padding is-layout-constrained wp-block-group-is-layout-constrained\">\n<h3 class=\"wp-block-heading has-text-align-center ext-animate--on\">Training Camp Lanzarote 2026 <\/h3>\n\n\n\n<p class=\"has-text-align-center ext-animate--on\">5 noches \/ 6 d\u00edas de entrenamiento con sesiones de nataci\u00f3n, ciclismo, running y transiciones.<br>Incluye media pensi\u00f3n + entrenamientos guiados y estrategia de carrera con el entrenador John Galindo.<\/p>\n\n\n\n<p class=\"has-text-align-center ext-animate--on\">\ud83d\udccd Lanzarote (Islas Canarias)<br>\ud83d\udcc5 22\u201327 febrero 2027<br>\u26a0\ufe0f Plazas limitadas<\/p>\n<\/div>\n<\/div>\n<\/div>\n\n\n\n<div class=\"wp-block-column is-vertically-aligned-stretch ext-animate--on is-layout-flow wp-container-core-column-is-layout-f5bb311e wp-block-column-is-layout-flow\">\n<div class=\"wp-block-group is-style-ext-preset--group--natural-1--item-card-1--align-center ext-animate--on has-global-padding is-layout-constrained wp-block-group-is-layout-constrained is-style-ext-preset--group--natural-1--item-card-1--align-center--7\">\n<figure class=\"wp-block-image aligncenter size-large ext-aspect-landscape ext-animate--on\"><a href=\"https:\/\/ironstage.org\/ca\/training-camp-en-construccion\/\"><img loading=\"lazy\" decoding=\"async\" width=\"1440\" height=\"935\" src=\"https:\/\/ironstage.org\/wp-content\/uploads\/2026\/04\/adce25773218c18e806883e8ec7c2c61f033cee3.jpg\" alt=\"\" class=\"wp-image-62\" style=\"aspect-ratio:4\/3;object-fit:cover\" srcset=\"https:\/\/ironstage.org\/wp-content\/uploads\/2026\/04\/adce25773218c18e806883e8ec7c2c61f033cee3.jpg 1440w, https:\/\/ironstage.org\/wp-content\/uploads\/2026\/04\/adce25773218c18e806883e8ec7c2c61f033cee3-300x195.jpg 300w, https:\/\/ironstage.org\/wp-content\/uploads\/2026\/04\/adce25773218c18e806883e8ec7c2c61f033cee3-1024x665.jpg 1024w, https:\/\/ironstage.org\/wp-content\/uploads\/2026\/04\/adce25773218c18e806883e8ec7c2c61f033cee3-768x499.jpg 768w, https:\/\/ironstage.org\/wp-content\/uploads\/2026\/04\/adce25773218c18e806883e8ec7c2c61f033cee3-600x390.jpg 600w\" sizes=\"auto, (max-width: 1440px) 100vw, 1440px\" \/><\/a><\/figure>\n\n\n\n<div class=\"wp-block-group is-style-default ext-animate--on has-global-padding is-layout-constrained wp-block-group-is-layout-constrained\">\n<h3 class=\"wp-block-heading ext-animate--on\">En construcci\u00f3n<\/h3>\n\n\n\n<p class=\"has-text-align-center ext-animate--on\"><\/p>\n<\/div>\n<\/div>\n<\/div>\n<\/div>\n\n\n\n<div class=\"wp-block-group alignfull ext-animate--on has-global-padding is-layout-constrained wp-block-group-is-layout-constrained\"><\/div>\n<\/div>","protected":false},"excerpt":{"rendered":"<p>Training camps disponibles Descubre los campamentos de entrenamiento dise\u00f1ados para triatletas, ofreciendo experiencias \u00fanicas que potencian tu rendimiento y pasi\u00f3n por el deporte. Training Camp Amposta 2026 2 noches \/ 3 d\u00edas con sesiones de nataci\u00f3n, ciclismo, running y transiciones.Incluye pensi\u00f3n completa + masterclass de nataci\u00f3n y estrategia de carrera con el entrenador John Galindo. [&hellip;]<\/p>\n","protected":false},"author":1,"featured_media":0,"parent":0,"menu_order":0,"comment_status":"closed","ping_status":"closed","template":"page-with-title","meta":{"footnotes":""},"class_list":["post-279","page","type-page","status-publish","hentry"],"_links":{"self":[{"href":"https:\/\/ironstage.org\/ca\/wp-json\/wp\/v2\/pages\/279","targetHints":{"allow":["GET"]}}],"collection":[{"href":"https:\/\/ironstage.org\/ca\/wp-json\/wp\/v2\/pages"}],"about":[{"href":"https:\/\/ironstage.org\/ca\/wp-json\/wp\/v2\/types\/page"}],"author":[{"embeddable":true,"href":"https:\/\/ironstage.org\/ca\/wp-json\/wp\/v2\/users\/1"}],"replies":[{"embeddable":true,"href":"https:\/\/ironstage.org\/ca\/wp-json\/wp\/v2\/comments?post=279"}],"version-history":[{"count":70,"href":"https:\/\/ironstage.org\/ca\/wp-json\/wp\/v2\/pages\/279\/revisions"}],"predecessor-version":[{"id":995,"href":"https:\/\/ironstage.org\/ca\/wp-json\/wp\/v2\/pages\/279\/revisions\/995"}],"wp:attachment":[{"href":"https:\/\/ironstage.org\/ca\/wp-json\/wp\/v2\/media?parent=279"}],"curies":[{"name":"wp","href":"https:\/\/api.w.org\/{rel}","templated":true}]}}